{"id":48642,"date":"2023-03-23T09:56:11","date_gmt":"2023-03-23T09:56:11","guid":{"rendered":"https:\/\/www.evenisgroup.com\/?page_id=48642"},"modified":"2023-03-23T09:57:41","modified_gmt":"2023-03-23T09:57:41","slug":"rue-hayarkon","status":"publish","type":"page","link":"https:\/\/www.evenisgroup.com\/en\/actualite-immobilier-israel\/rue-hayarkon\/","title":{"rendered":"rue Hayarkon"},"content":{"rendered":"<div data-elementor-type=\"wp-page\" data-elementor-id=\"48642\" class=\"elementor elementor-48642\" data-elementor-post-type=\"page\">\n\t\t\t\t\t\t<section class=\"elementor-section elementor-top-section elementor-element elementor-element-46e62ae elementor-section-boxed elementor-section-height-default elementor-section-height-default\" data-id=\"46e62ae\" data-element_type=\"section\" data-e-type=\"section\">\n\t\t\t\t\t\t<div class=\"elementor-container elementor-column-gap-default\">\n\t\t\t\t\t<div class=\"elementor-column elementor-col-100 elementor-top-column elementor-element elementor-element-f470ade\" data-id=\"f470ade\" data-element_type=\"column\" data-e-type=\"column\">\n\t\t\t<div class=\"elementor-widget-wrap elementor-element-populated\">\n\t\t\t\t\t\t<div class=\"elementor-element elementor-element-d1a2f4b elementor-widget elementor-widget-heading\" data-id=\"d1a2f4b\" data-element_type=\"widget\" data-e-type=\"widget\" data-widget_type=\"heading.default\">\n\t\t\t\t<div class=\"elementor-widget-container\">\n\t\t\t\t\t<h1 class=\"elementor-heading-title elementor-size-default\">Rue Hayarkon \u00e0 Tel Aviv<\/h1>\t\t\t\t<\/div>\n\t\t\t\t<\/div>\n\t\t\t\t\t<\/div>\n\t\t<\/div>\n\t\t\t\t\t<\/div>\n\t\t<\/section>\n\t\t\t\t<section class=\"elementor-section elementor-top-section elementor-element elementor-element-0c88ed6 elementor-section-boxed elementor-section-height-default elementor-section-height-default\" data-id=\"0c88ed6\" data-element_type=\"section\" data-e-type=\"section\">\n\t\t\t\t\t\t<div class=\"elementor-container elementor-column-gap-default\">\n\t\t\t\t\t<div class=\"elementor-column elementor-col-100 elementor-top-column elementor-element elementor-element-93e7c2e\" data-id=\"93e7c2e\" data-element_type=\"column\" data-e-type=\"column\">\n\t\t\t<div class=\"elementor-widget-wrap elementor-element-populated\">\n\t\t\t\t\t\t<div class=\"elementor-element elementor-element-900680d elementor-widget elementor-widget-image\" data-id=\"900680d\" data-element_type=\"widget\" data-e-type=\"widget\" data-widget_type=\"image.default\">\n\t\t\t\t<div class=\"elementor-widget-container\">\n\t\t\t\t\t\t\t\t\t\t\t\t\t\t\t<img fetchpriority=\"high\" decoding=\"async\" width=\"771\" height=\"1024\" src=\"https:\/\/www.evenisgroup.com\/wp-content\/uploads\/2023\/03\/WhatsApp-Image-2023-03-23-at-11.52.48-771x1024.jpeg\" class=\"attachment-large size-large wp-image-48645\" alt=\"rue hakarkon\" srcset=\"https:\/\/www.evenisgroup.com\/wp-content\/uploads\/2023\/03\/WhatsApp-Image-2023-03-23-at-11.52.48-771x1024.jpeg 771w, https:\/\/www.evenisgroup.com\/wp-content\/uploads\/2023\/03\/WhatsApp-Image-2023-03-23-at-11.52.48-226x300.jpeg 226w, https:\/\/www.evenisgroup.com\/wp-content\/uploads\/2023\/03\/WhatsApp-Image-2023-03-23-at-11.52.48-768x1021.jpeg 768w, https:\/\/www.evenisgroup.com\/wp-content\/uploads\/2023\/03\/WhatsApp-Image-2023-03-23-at-11.52.48-1156x1536.jpeg 1156w, https:\/\/www.evenisgroup.com\/wp-content\/uploads\/2023\/03\/WhatsApp-Image-2023-03-23-at-11.52.48-9x12.jpeg 9w, https:\/\/www.evenisgroup.com\/wp-content\/uploads\/2023\/03\/WhatsApp-Image-2023-03-23-at-11.52.48-113x150.jpeg 113w, https:\/\/www.evenisgroup.com\/wp-content\/uploads\/2023\/03\/WhatsApp-Image-2023-03-23-at-11.52.48-350x465.jpeg 350w, https:\/\/www.evenisgroup.com\/wp-content\/uploads\/2023\/03\/WhatsApp-Image-2023-03-23-at-11.52.48-361x480.jpeg 361w, https:\/\/www.evenisgroup.com\/wp-content\/uploads\/2023\/03\/WhatsApp-Image-2023-03-23-at-11.52.48.jpeg 1204w\" sizes=\"(max-width: 771px) 100vw, 771px\" \/>\t\t\t\t\t\t\t\t\t\t\t\t\t\t\t<\/div>\n\t\t\t\t<\/div>\n\t\t\t\t\t<\/div>\n\t\t<\/div>\n\t\t\t\t\t<\/div>\n\t\t<\/section>\n\t\t\t\t<section class=\"elementor-section elementor-top-section elementor-element elementor-element-ff1452e elementor-section-boxed elementor-section-height-default elementor-section-height-default\" data-id=\"ff1452e\" data-element_type=\"section\" data-e-type=\"section\">\n\t\t\t\t\t\t<div class=\"elementor-container elementor-column-gap-default\">\n\t\t\t\t\t<div class=\"elementor-column elementor-col-100 elementor-top-column elementor-element elementor-element-f2a914c\" data-id=\"f2a914c\" data-element_type=\"column\" data-e-type=\"column\">\n\t\t\t<div class=\"elementor-widget-wrap elementor-element-populated\">\n\t\t\t\t\t\t<div class=\"elementor-element elementor-element-d3e6748 elementor-widget elementor-widget-text-editor\" data-id=\"d3e6748\" data-element_type=\"widget\" data-e-type=\"widget\" data-widget_type=\"text-editor.default\">\n\t\t\t\t<div class=\"elementor-widget-container\">\n\t\t\t\t\t\t\t\t\t<p>La rue Hayarkon tire son nom de la rivi\u00e8re Yarkon, qui traverse Tel-Aviv et se jette dans la mer M\u00e9diterran\u00e9e pr\u00e8s de la rue Hayarkon. Le nom de la rivi\u00e8re est d\u00e9riv\u00e9 du mot h\u00e9breu \u00ab\u00a0yerekhon\u00a0\u00bb, qui signifie \u00ab\u00a0vert\u00a0\u00bb ou \u00ab\u00a0l\u00e9gume\u00a0\u00bb, en raison de la v\u00e9g\u00e9tation luxuriante qui pousse le long de la berge.<br \/>Voici un r\u00e9sum\u00e9 de l&rsquo;histoire de cette rue :<br \/>La rue Hayarkon a \u00e9t\u00e9 cr\u00e9\u00e9e dans les ann\u00e9es 1930 et 1940, lorsque Tel-Aviv connaissait une expansion rapide. Elle a \u00e9t\u00e9 nomm\u00e9e d&rsquo;apr\u00e8s Nahum Sokolow, c\u00e9l\u00e8bre dirigeant sioniste et pr\u00e9sident de l&rsquo;Organisation sioniste mondiale.<br \/>Au cours des premi\u00e8res ann\u00e9es de l&rsquo;\u00c9tat d&rsquo;Isra\u00ebl, la rue Hayarkon est devenue une destination touristique populaire en raison de son emplacement le long de la mer M\u00e9diterran\u00e9e. De nombreux h\u00f4tels ont \u00e9t\u00e9 construits le long de la rue pour servir les touristes. Dans les ann\u00e9es 1960 et 1970, la rue Hayarkon est devenue un lieu de vie nocturne anim\u00e9 avec des bars, des discoth\u00e8ques et des restaurants. Il est rapidement devenu l&rsquo;un des quartiers les plus branch\u00e9s de Tel-Aviv.<br \/>Au cours des ann\u00e9es 1980 et 1990, la rue Hayarkon a subi une transformation significative d&rsquo;un quartier de la vie nocturne \u00e0 un quartier r\u00e9sidentiel. De nombreux h\u00f4tels ont \u00e9t\u00e9 transform\u00e9s en appartements de luxe et de nouveaux immeubles r\u00e9sidentiels ont \u00e9t\u00e9 construits.<br \/>Aujourd&rsquo;hui, Hayarkon Street est un m\u00e9lange de r\u00e9sidences de luxe, de restaurants, de caf\u00e9s et de boutiques. Il reste une destination touristique populaire en raison de son emplacement privil\u00e9gi\u00e9 le long de la mer M\u00e9diterran\u00e9e.<\/p>\t\t\t\t\t\t\t\t<\/div>\n\t\t\t\t<\/div>\n\t\t\t\t\t<\/div>\n\t\t<\/div>\n\t\t\t\t\t<\/div>\n\t\t<\/section>\n\t\t\t\t<section class=\"elementor-section elementor-top-section elementor-element elementor-element-a63a2a0 elementor-section-boxed elementor-section-height-default elementor-section-height-default\" data-id=\"a63a2a0\" data-element_type=\"section\" data-e-type=\"section\">\n\t\t\t\t\t\t<div class=\"elementor-container elementor-column-gap-default\">\n\t\t\t\t\t<div class=\"elementor-column elementor-col-100 elementor-top-column elementor-element elementor-element-985c192\" data-id=\"985c192\" data-element_type=\"column\" data-e-type=\"column\">\n\t\t\t<div class=\"elementor-widget-wrap elementor-element-populated\">\n\t\t\t\t\t\t<div class=\"elementor-element elementor-element-dc1eaa6 elementor-widget elementor-widget-heading\" data-id=\"dc1eaa6\" data-element_type=\"widget\" data-e-type=\"widget\" data-widget_type=\"heading.default\">\n\t\t\t\t<div class=\"elementor-widget-container\">\n\t\t\t\t\t<h2 class=\"elementor-heading-title elementor-size-default\">Je cherche un appartement \u00e0 vendre ou \u00e0 louer<\/h2>\t\t\t\t<\/div>\n\t\t\t\t<\/div>\n\t\t\t\t<div class=\"elementor-element elementor-element-0f83d42 elementor-button-align-stretch elementor-widget elementor-widget-form\" data-id=\"0f83d42\" data-element_type=\"widget\" data-e-type=\"widget\" data-settings=\"{&quot;step_next_label&quot;:&quot;Next&quot;,&quot;step_previous_label&quot;:&quot;Previous&quot;,&quot;button_width&quot;:&quot;100&quot;,&quot;step_type&quot;:&quot;number_text&quot;,&quot;step_icon_shape&quot;:&quot;circle&quot;}\" data-widget_type=\"form.default\">\n\t\t\t\t<div class=\"elementor-widget-container\">\n\t\t\t\t\t\t\t<form class=\"elementor-form\" method=\"post\" name=\"New Form\" aria-label=\"New Form\" action=\"\">\n\t\t\t<input type=\"hidden\" name=\"post_id\" value=\"48642\"\/>\n\t\t\t<input type=\"hidden\" name=\"form_id\" value=\"0f83d42\"\/>\n\t\t\t<input type=\"hidden\" name=\"referer_title\" value=\"Rue Hayarkon - EvenisGroup | Evenis Group Agence Immobili\u00e8re en Isra\u00ebl\" \/>\n\n\t\t\t\t\t\t\t<input type=\"hidden\" name=\"queried_id\" value=\"48642\"\/>\n\t\t\t\n\t\t\t<div class=\"elementor-form-fields-wrapper elementor-labels-above\">\n\t\t\t\t\t\t\t\t<div class=\"elementor-field-type-text elementor-field-group elementor-column elementor-field-group-name elementor-col-100\">\n\t\t\t\t\t\t\t\t\t\t\t\t<label for=\"form-field-name\" class=\"elementor-field-label\">\n\t\t\t\t\t\t\t\tName\t\t\t\t\t\t\t<\/label>\n\t\t\t\t\t\t\t\t\t\t\t\t\t\t<input size=\"1\" type=\"text\" name=\"form_fields[name]\" id=\"form-field-name\" class=\"elementor-field elementor-size-sm  elementor-field-textual\" placeholder=\"Name\">\n\t\t\t\t\t\t\t\t\t\t\t<\/div>\n\t\t\t\t\t\t\t\t<div class=\"elementor-field-type-email elementor-field-group elementor-column elementor-field-group-email elementor-col-100 elementor-field-required\">\n\t\t\t\t\t\t\t\t\t\t\t\t<label for=\"form-field-email\" class=\"elementor-field-label\">\n\t\t\t\t\t\t\t\tE-mail\t\t\t\t\t\t\t<\/label>\n\t\t\t\t\t\t\t\t\t\t\t\t\t\t<input size=\"1\" type=\"email\" name=\"form_fields[email]\" id=\"form-field-email\" class=\"elementor-field elementor-size-sm  elementor-field-textual\" placeholder=\"E-mail\" required=\"required\">\n\t\t\t\t\t\t\t\t\t\t\t<\/div>\n\t\t\t\t\t\t\t\t<div class=\"elementor-field-type-tel elementor-field-group elementor-column elementor-field-group-field_96841ff elementor-col-100 elementor-field-required\">\n\t\t\t\t\t\t\t\t\t\t\t\t<label for=\"form-field-field_96841ff\" class=\"elementor-field-label\">\n\t\t\t\t\t\t\t\tTel\t\t\t\t\t\t\t<\/label>\n\t\t\t\t\t\t\t\t<input size=\"1\" type=\"tel\" name=\"form_fields[field_96841ff]\" id=\"form-field-field_96841ff\" class=\"elementor-field elementor-size-sm  elementor-field-textual\" placeholder=\"Tel\" required=\"required\" pattern=\"[0-9()#&amp;+*-=.]+\" title=\"Only numbers and phone characters (#, -, *, etc) are accepted.\" data-no-translation-title=\"\">\n\n\t\t\t\t\t\t<\/div>\n\t\t\t\t\t\t\t\t<div class=\"elementor-field-type-textarea elementor-field-group elementor-column elementor-field-group-message elementor-col-100\">\n\t\t\t\t\t\t\t\t\t\t\t\t<label for=\"form-field-message\" class=\"elementor-field-label\">\n\t\t\t\t\t\t\t\tMessage\t\t\t\t\t\t\t<\/label>\n\t\t\t\t\t\t<textarea class=\"elementor-field-textual elementor-field  elementor-size-sm\" name=\"form_fields[message]\" id=\"form-field-message\" rows=\"4\" placeholder=\"Message\"><\/textarea>\t\t\t\t<\/div>\n\t\t\t\t\t\t\t\t<div class=\"elementor-field-group elementor-column elementor-field-type-submit elementor-col-100 e-form__buttons\">\n\t\t\t\t\t<button class=\"elementor-button elementor-size-sm\" type=\"submit\">\n\t\t\t\t\t\t<span class=\"elementor-button-content-wrapper\">\n\t\t\t\t\t\t\t\t\t\t\t\t\t\t\t\t\t\t\t\t\t\t<span class=\"elementor-button-text\">Send<\/span>\n\t\t\t\t\t\t\t\t\t\t\t\t\t<\/span>\n\t\t\t\t\t<\/button>\n\t\t\t\t<\/div>\n\t\t\t<\/div>\n\t\t<input type=\"hidden\" name=\"trp-form-language\" value=\"en\"\/><\/form>\n\t\t\t\t\t\t<\/div>\n\t\t\t\t<\/div>\n\t\t\t\t\t<\/div>\n\t\t<\/div>\n\t\t\t\t\t<\/div>\n\t\t<\/section>\n\t\t\t\t<\/div>","protected":false},"excerpt":{"rendered":"<p>Rue Hayarkon \u00e0 Tel Aviv La rue Hayarkon tire son nom de la rivi\u00e8re Yarkon, qui traverse Tel-Aviv et se jette dans la mer M\u00e9diterran\u00e9e pr\u00e8s de la rue Hayarkon. Le nom de la rivi\u00e8re est d\u00e9riv\u00e9 du mot h\u00e9breu \u00ab\u00a0yerekhon\u00a0\u00bb, qui signifie \u00ab\u00a0vert\u00a0\u00bb ou \u00ab\u00a0l\u00e9gume\u00a0\u00bb, en raison de la v\u00e9g\u00e9tation luxuriante qui pousse le [&hellip;]<\/p>","protected":false},"author":6,"featured_media":48643,"parent":643,"menu_order":0,"comment_status":"closed","ping_status":"closed","template":"elementor_header_footer","meta":{"_acf_changed":false,"footnotes":""},"class_list":["post-48642","page","type-page","status-publish","has-post-thumbnail","hentry"],"acf":[],"yoast_head":"<!-- This site is optimized with the Yoast SEO plugin v26.8 - https:\/\/yoast.com\/product\/yoast-seo-wordpress\/ -->\n<title>Rue Hayarkon - EvenisGroup | Evenis Group Agence Immobili\u00e8re en Isra\u00ebl<\/title>\n<meta name=\"description\" content=\"La rue Hayarkon tire son nom de la rivi\u00e8re Yarkon, qui traverse Tel-Aviv et se jette dans la mer M\u00e9diterran\u00e9e pr\u00e8s de la rue Hayarkon.\" \/>\n<meta name=\"robots\" content=\"index, follow, max-snippet:-1, max-image-preview:large, max-video-preview:-1\" \/>\n<link rel=\"canonical\" href=\"https:\/\/www.evenisgroup.com\/en\/actualite-immobilier-israel\/rue-hayarkon\/\" \/>\n<meta property=\"og:locale\" content=\"en_US\" \/>\n<meta property=\"og:type\" content=\"article\" \/>\n<meta property=\"og:title\" content=\"Rue Hayarkon - EvenisGroup | Evenis Group Agence Immobili\u00e8re en Isra\u00ebl\" \/>\n<meta property=\"og:description\" content=\"La rue Hayarkon tire son nom de la rivi\u00e8re Yarkon, qui traverse Tel-Aviv et se jette dans la mer M\u00e9diterran\u00e9e pr\u00e8s de la rue Hayarkon.\" \/>\n<meta property=\"og:url\" content=\"https:\/\/www.evenisgroup.com\/en\/actualite-immobilier-israel\/rue-hayarkon\/\" \/>\n<meta property=\"og:site_name\" content=\"EvenisGroup | Evenis Group Agence Immobili\u00e8re en Isra\u00ebl\" \/>\n<meta property=\"article:publisher\" content=\"https:\/\/www.facebook.com\/EvenisGroupOfficial\" \/>\n<meta property=\"article:modified_time\" content=\"2023-03-23T09:57:41+00:00\" \/>\n<meta property=\"og:image\" content=\"https:\/\/www.evenisgroup.com\/wp-content\/uploads\/2023\/03\/hayarkon.jpg\" \/>\n\t<meta property=\"og:image:width\" content=\"526\" \/>\n\t<meta property=\"og:image:height\" content=\"343\" \/>\n\t<meta property=\"og:image:type\" content=\"image\/jpeg\" \/>\n<meta name=\"twitter:card\" content=\"summary_large_image\" \/>\n<meta name=\"twitter:label1\" content=\"Est. reading time\" \/>\n\t<meta name=\"twitter:data1\" content=\"2 minutes\" \/>\n<script type=\"application\/ld+json\" class=\"yoast-schema-graph\">{\"@context\":\"https:\/\/schema.org\",\"@graph\":[{\"@type\":\"WebPage\",\"@id\":\"https:\/\/www.evenisgroup.com\/actualite-immobilier-israel\/rue-hayarkon\/\",\"url\":\"https:\/\/www.evenisgroup.com\/actualite-immobilier-israel\/rue-hayarkon\/\",\"name\":\"Rue Hayarkon - EvenisGroup | Evenis Group Agence Immobili\u00e8re en Isra\u00ebl\",\"isPartOf\":{\"@id\":\"https:\/\/www.evenisgroup.com\/en\/#website\"},\"primaryImageOfPage\":{\"@id\":\"https:\/\/www.evenisgroup.com\/actualite-immobilier-israel\/rue-hayarkon\/#primaryimage\"},\"image\":{\"@id\":\"https:\/\/www.evenisgroup.com\/actualite-immobilier-israel\/rue-hayarkon\/#primaryimage\"},\"thumbnailUrl\":\"https:\/\/www.evenisgroup.com\/wp-content\/uploads\/2023\/03\/hayarkon.jpg\",\"datePublished\":\"2023-03-23T09:56:11+00:00\",\"dateModified\":\"2023-03-23T09:57:41+00:00\",\"description\":\"La rue Hayarkon tire son nom de la rivi\u00e8re Yarkon, qui traverse Tel-Aviv et se jette dans la mer M\u00e9diterran\u00e9e pr\u00e8s de la rue Hayarkon.\",\"breadcrumb\":{\"@id\":\"https:\/\/www.evenisgroup.com\/actualite-immobilier-israel\/rue-hayarkon\/#breadcrumb\"},\"inLanguage\":\"en-US\",\"potentialAction\":[{\"@type\":\"ReadAction\",\"target\":[\"https:\/\/www.evenisgroup.com\/actualite-immobilier-israel\/rue-hayarkon\/\"]}]},{\"@type\":\"ImageObject\",\"inLanguage\":\"en-US\",\"@id\":\"https:\/\/www.evenisgroup.com\/actualite-immobilier-israel\/rue-hayarkon\/#primaryimage\",\"url\":\"https:\/\/www.evenisgroup.com\/wp-content\/uploads\/2023\/03\/hayarkon.jpg\",\"contentUrl\":\"https:\/\/www.evenisgroup.com\/wp-content\/uploads\/2023\/03\/hayarkon.jpg\",\"width\":526,\"height\":343,\"caption\":\"hayarkon\"},{\"@type\":\"BreadcrumbList\",\"@id\":\"https:\/\/www.evenisgroup.com\/actualite-immobilier-israel\/rue-hayarkon\/#breadcrumb\",\"itemListElement\":[{\"@type\":\"ListItem\",\"position\":1,\"name\":\"Accueil\",\"item\":\"https:\/\/www.evenisgroup.com\/\"},{\"@type\":\"ListItem\",\"position\":2,\"name\":\"Actualit\u00e9 Immobili\u00e8re en Israel\",\"item\":\"https:\/\/www.evenisgroup.com\/actualite-immobilier-israel\/\"},{\"@type\":\"ListItem\",\"position\":3,\"name\":\"rue Hayarkon\"}]},{\"@type\":\"WebSite\",\"@id\":\"https:\/\/www.evenisgroup.com\/en\/#website\",\"url\":\"https:\/\/www.evenisgroup.com\/en\/\",\"name\":\"EvenisGroup | Evenis Group Agence Immobili\u00e8re en Isra\u00ebl\",\"description\":\"Agence Immobili\u00e8re en Isra\u00ebl\",\"publisher\":{\"@id\":\"https:\/\/www.evenisgroup.com\/en\/#organization\"},\"potentialAction\":[{\"@type\":\"SearchAction\",\"target\":{\"@type\":\"EntryPoint\",\"urlTemplate\":\"https:\/\/www.evenisgroup.com\/en\/?s={search_term_string}\"},\"query-input\":{\"@type\":\"PropertyValueSpecification\",\"valueRequired\":true,\"valueName\":\"search_term_string\"}}],\"inLanguage\":\"en-US\"},{\"@type\":\"Organization\",\"@id\":\"https:\/\/www.evenisgroup.com\/en\/#organization\",\"name\":\"Evenis Group : Agence Immobili\u00e8re\",\"url\":\"https:\/\/www.evenisgroup.com\/en\/\",\"logo\":{\"@type\":\"ImageObject\",\"inLanguage\":\"en-US\",\"@id\":\"https:\/\/www.evenisgroup.com\/en\/#\/schema\/logo\/image\/\",\"url\":\"https:\/\/www.evenisgroup.com\/wp-content\/uploads\/2018\/08\/EVENIS-logo-3-A-VOTRE-SERVICE-3.png\",\"contentUrl\":\"https:\/\/www.evenisgroup.com\/wp-content\/uploads\/2018\/08\/EVENIS-logo-3-A-VOTRE-SERVICE-3.png\",\"width\":6500,\"height\":2727,\"caption\":\"Evenis Group : Agence Immobili\u00e8re\"},\"image\":{\"@id\":\"https:\/\/www.evenisgroup.com\/en\/#\/schema\/logo\/image\/\"},\"sameAs\":[\"https:\/\/www.facebook.com\/EvenisGroupOfficial\",\"https:\/\/www.instagram.com\/evenisgroupofficial\"]}]}<\/script>\n<!-- \/ Yoast SEO plugin. -->","yoast_head_json":{"title":"Rue Hayarkon - EvenisGroup | Evenis Group Agence Immobili\u00e8re en Isra\u00ebl","description":"La rue Hayarkon tire son nom de la rivi\u00e8re Yarkon, qui traverse Tel-Aviv et se jette dans la mer M\u00e9diterran\u00e9e pr\u00e8s de la rue Hayarkon.","robots":{"index":"index","follow":"follow","max-snippet":"max-snippet:-1","max-image-preview":"max-image-preview:large","max-video-preview":"max-video-preview:-1"},"canonical":"https:\/\/www.evenisgroup.com\/en\/actualite-immobilier-israel\/rue-hayarkon\/","og_locale":"en_US","og_type":"article","og_title":"Rue Hayarkon - EvenisGroup | Evenis Group Agence Immobili\u00e8re en Isra\u00ebl","og_description":"La rue Hayarkon tire son nom de la rivi\u00e8re Yarkon, qui traverse Tel-Aviv et se jette dans la mer M\u00e9diterran\u00e9e pr\u00e8s de la rue Hayarkon.","og_url":"https:\/\/www.evenisgroup.com\/en\/actualite-immobilier-israel\/rue-hayarkon\/","og_site_name":"EvenisGroup | Evenis Group Agence Immobili\u00e8re en Isra\u00ebl","article_publisher":"https:\/\/www.facebook.com\/EvenisGroupOfficial","article_modified_time":"2023-03-23T09:57:41+00:00","og_image":[{"width":526,"height":343,"url":"https:\/\/www.evenisgroup.com\/wp-content\/uploads\/2023\/03\/hayarkon.jpg","type":"image\/jpeg"}],"twitter_card":"summary_large_image","twitter_misc":{"Est. reading time":"2 minutes"},"schema":{"@context":"https:\/\/schema.org","@graph":[{"@type":"WebPage","@id":"https:\/\/www.evenisgroup.com\/actualite-immobilier-israel\/rue-hayarkon\/","url":"https:\/\/www.evenisgroup.com\/actualite-immobilier-israel\/rue-hayarkon\/","name":"Rue Hayarkon - EvenisGroup | Evenis Group Agence Immobili\u00e8re en Isra\u00ebl","isPartOf":{"@id":"https:\/\/www.evenisgroup.com\/en\/#website"},"primaryImageOfPage":{"@id":"https:\/\/www.evenisgroup.com\/actualite-immobilier-israel\/rue-hayarkon\/#primaryimage"},"image":{"@id":"https:\/\/www.evenisgroup.com\/actualite-immobilier-israel\/rue-hayarkon\/#primaryimage"},"thumbnailUrl":"https:\/\/www.evenisgroup.com\/wp-content\/uploads\/2023\/03\/hayarkon.jpg","datePublished":"2023-03-23T09:56:11+00:00","dateModified":"2023-03-23T09:57:41+00:00","description":"La rue Hayarkon tire son nom de la rivi\u00e8re Yarkon, qui traverse Tel-Aviv et se jette dans la mer M\u00e9diterran\u00e9e pr\u00e8s de la rue Hayarkon.","breadcrumb":{"@id":"https:\/\/www.evenisgroup.com\/actualite-immobilier-israel\/rue-hayarkon\/#breadcrumb"},"inLanguage":"en-US","potentialAction":[{"@type":"ReadAction","target":["https:\/\/www.evenisgroup.com\/actualite-immobilier-israel\/rue-hayarkon\/"]}]},{"@type":"ImageObject","inLanguage":"en-US","@id":"https:\/\/www.evenisgroup.com\/actualite-immobilier-israel\/rue-hayarkon\/#primaryimage","url":"https:\/\/www.evenisgroup.com\/wp-content\/uploads\/2023\/03\/hayarkon.jpg","contentUrl":"https:\/\/www.evenisgroup.com\/wp-content\/uploads\/2023\/03\/hayarkon.jpg","width":526,"height":343,"caption":"hayarkon"},{"@type":"BreadcrumbList","@id":"https:\/\/www.evenisgroup.com\/actualite-immobilier-israel\/rue-hayarkon\/#breadcrumb","itemListElement":[{"@type":"ListItem","position":1,"name":"Accueil","item":"https:\/\/www.evenisgroup.com\/"},{"@type":"ListItem","position":2,"name":"Actualit\u00e9 Immobili\u00e8re en Israel","item":"https:\/\/www.evenisgroup.com\/actualite-immobilier-israel\/"},{"@type":"ListItem","position":3,"name":"rue Hayarkon"}]},{"@type":"WebSite","@id":"https:\/\/www.evenisgroup.com\/en\/#website","url":"https:\/\/www.evenisgroup.com\/en\/","name":"EvenisGroup | Evenis Group Real Estate Agency in Israel","description":"Real Estate Agency in Israel","publisher":{"@id":"https:\/\/www.evenisgroup.com\/en\/#organization"},"potentialAction":[{"@type":"SearchAction","target":{"@type":"EntryPoint","urlTemplate":"https:\/\/www.evenisgroup.com\/en\/?s={search_term_string}"},"query-input":{"@type":"PropertyValueSpecification","valueRequired":true,"valueName":"search_term_string"}}],"inLanguage":"en-US"},{"@type":"Organization","@id":"https:\/\/www.evenisgroup.com\/en\/#organization","name":"Evenis Group : Agence Immobili\u00e8re","url":"https:\/\/www.evenisgroup.com\/en\/","logo":{"@type":"ImageObject","inLanguage":"en-US","@id":"https:\/\/www.evenisgroup.com\/en\/#\/schema\/logo\/image\/","url":"https:\/\/www.evenisgroup.com\/wp-content\/uploads\/2018\/08\/EVENIS-logo-3-A-VOTRE-SERVICE-3.png","contentUrl":"https:\/\/www.evenisgroup.com\/wp-content\/uploads\/2018\/08\/EVENIS-logo-3-A-VOTRE-SERVICE-3.png","width":6500,"height":2727,"caption":"Evenis Group : Agence Immobili\u00e8re"},"image":{"@id":"https:\/\/www.evenisgroup.com\/en\/#\/schema\/logo\/image\/"},"sameAs":["https:\/\/www.facebook.com\/EvenisGroupOfficial","https:\/\/www.instagram.com\/evenisgroupofficial"]}]}},"_links":{"self":[{"href":"https:\/\/www.evenisgroup.com\/en\/wp-json\/wp\/v2\/pages\/48642","targetHints":{"allow":["GET"]}}],"collection":[{"href":"https:\/\/www.evenisgroup.com\/en\/wp-json\/wp\/v2\/pages"}],"about":[{"href":"https:\/\/www.evenisgroup.com\/en\/wp-json\/wp\/v2\/types\/page"}],"author":[{"embeddable":true,"href":"https:\/\/www.evenisgroup.com\/en\/wp-json\/wp\/v2\/users\/6"}],"replies":[{"embeddable":true,"href":"https:\/\/www.evenisgroup.com\/en\/wp-json\/wp\/v2\/comments?post=48642"}],"version-history":[{"count":4,"href":"https:\/\/www.evenisgroup.com\/en\/wp-json\/wp\/v2\/pages\/48642\/revisions"}],"predecessor-version":[{"id":48648,"href":"https:\/\/www.evenisgroup.com\/en\/wp-json\/wp\/v2\/pages\/48642\/revisions\/48648"}],"up":[{"embeddable":true,"href":"https:\/\/www.evenisgroup.com\/en\/wp-json\/wp\/v2\/pages\/643"}],"wp:featuredmedia":[{"embeddable":true,"href":"https:\/\/www.evenisgroup.com\/en\/wp-json\/wp\/v2\/media\/48643"}],"wp:attachment":[{"href":"https:\/\/www.evenisgroup.com\/en\/wp-json\/wp\/v2\/media?parent=48642"}],"curies":[{"name":"wp","href":"https:\/\/api.w.org\/{rel}","templated":true}]}}