{"id":48443,"date":"2023-03-09T15:28:37","date_gmt":"2023-03-09T15:28:37","guid":{"rendered":"https:\/\/www.evenisgroup.com\/?page_id=48443"},"modified":"2023-03-23T09:50:29","modified_gmt":"2023-03-23T09:50:29","slug":"rue-shenkin","status":"publish","type":"page","link":"https:\/\/www.evenisgroup.com\/en\/actualite-immobilier-israel\/rue-shenkin\/","title":{"rendered":"rue Shenkin"},"content":{"rendered":"<div data-elementor-type=\"wp-page\" data-elementor-id=\"48443\" class=\"elementor elementor-48443\" data-elementor-post-type=\"page\">\n\t\t\t\t\t\t<section class=\"elementor-section elementor-top-section elementor-element elementor-element-46e62ae elementor-section-boxed elementor-section-height-default elementor-section-height-default\" data-id=\"46e62ae\" data-element_type=\"section\" data-e-type=\"section\">\n\t\t\t\t\t\t<div class=\"elementor-container elementor-column-gap-default\">\n\t\t\t\t\t<div class=\"elementor-column elementor-col-100 elementor-top-column elementor-element elementor-element-f470ade\" data-id=\"f470ade\" data-element_type=\"column\" data-e-type=\"column\">\n\t\t\t<div class=\"elementor-widget-wrap elementor-element-populated\">\n\t\t\t\t\t\t<div class=\"elementor-element elementor-element-d1a2f4b elementor-widget elementor-widget-heading\" data-id=\"d1a2f4b\" data-element_type=\"widget\" data-e-type=\"widget\" data-widget_type=\"heading.default\">\n\t\t\t\t<div class=\"elementor-widget-container\">\n\t\t\t\t\t<h1 class=\"elementor-heading-title elementor-size-default\">Rue Shenkin \u00e0 Tel Aviv<\/h1>\t\t\t\t<\/div>\n\t\t\t\t<\/div>\n\t\t\t\t\t<\/div>\n\t\t<\/div>\n\t\t\t\t\t<\/div>\n\t\t<\/section>\n\t\t\t\t<section class=\"elementor-section elementor-top-section elementor-element elementor-element-0c88ed6 elementor-section-boxed elementor-section-height-default elementor-section-height-default\" data-id=\"0c88ed6\" data-element_type=\"section\" data-e-type=\"section\">\n\t\t\t\t\t\t<div class=\"elementor-container elementor-column-gap-default\">\n\t\t\t\t\t<div class=\"elementor-column elementor-col-100 elementor-top-column elementor-element elementor-element-93e7c2e\" data-id=\"93e7c2e\" data-element_type=\"column\" data-e-type=\"column\">\n\t\t\t<div class=\"elementor-widget-wrap elementor-element-populated\">\n\t\t\t\t\t\t<div class=\"elementor-element elementor-element-900680d elementor-widget elementor-widget-image\" data-id=\"900680d\" data-element_type=\"widget\" data-e-type=\"widget\" data-widget_type=\"image.default\">\n\t\t\t\t<div class=\"elementor-widget-container\">\n\t\t\t\t\t\t\t\t\t\t\t\t\t\t\t<img fetchpriority=\"high\" decoding=\"async\" width=\"768\" height=\"1024\" src=\"https:\/\/www.evenisgroup.com\/wp-content\/uploads\/2023\/03\/WhatsApp-Image-2023-03-06-at-11.21.04-768x1024.jpeg\" class=\"attachment-large size-large wp-image-48448\" alt=\"rue Shenkin \u00e0 Tel Aviv\" srcset=\"https:\/\/www.evenisgroup.com\/wp-content\/uploads\/2023\/03\/WhatsApp-Image-2023-03-06-at-11.21.04-768x1024.jpeg 768w, https:\/\/www.evenisgroup.com\/wp-content\/uploads\/2023\/03\/WhatsApp-Image-2023-03-06-at-11.21.04-225x300.jpeg 225w, https:\/\/www.evenisgroup.com\/wp-content\/uploads\/2023\/03\/WhatsApp-Image-2023-03-06-at-11.21.04-1152x1536.jpeg 1152w, https:\/\/www.evenisgroup.com\/wp-content\/uploads\/2023\/03\/WhatsApp-Image-2023-03-06-at-11.21.04-9x12.jpeg 9w, https:\/\/www.evenisgroup.com\/wp-content\/uploads\/2023\/03\/WhatsApp-Image-2023-03-06-at-11.21.04-113x150.jpeg 113w, https:\/\/www.evenisgroup.com\/wp-content\/uploads\/2023\/03\/WhatsApp-Image-2023-03-06-at-11.21.04-350x467.jpeg 350w, https:\/\/www.evenisgroup.com\/wp-content\/uploads\/2023\/03\/WhatsApp-Image-2023-03-06-at-11.21.04-360x480.jpeg 360w, https:\/\/www.evenisgroup.com\/wp-content\/uploads\/2023\/03\/WhatsApp-Image-2023-03-06-at-11.21.04.jpeg 1200w\" sizes=\"(max-width: 768px) 100vw, 768px\" \/>\t\t\t\t\t\t\t\t\t\t\t\t\t\t\t<\/div>\n\t\t\t\t<\/div>\n\t\t\t\t\t<\/div>\n\t\t<\/div>\n\t\t\t\t\t<\/div>\n\t\t<\/section>\n\t\t\t\t<section class=\"elementor-section elementor-top-section elementor-element elementor-element-ff1452e elementor-section-boxed elementor-section-height-default elementor-section-height-default\" data-id=\"ff1452e\" data-element_type=\"section\" data-e-type=\"section\">\n\t\t\t\t\t\t<div class=\"elementor-container elementor-column-gap-default\">\n\t\t\t\t\t<div class=\"elementor-column elementor-col-100 elementor-top-column elementor-element elementor-element-f2a914c\" data-id=\"f2a914c\" data-element_type=\"column\" data-e-type=\"column\">\n\t\t\t<div class=\"elementor-widget-wrap elementor-element-populated\">\n\t\t\t\t\t\t<div class=\"elementor-element elementor-element-d3e6748 elementor-widget elementor-widget-text-editor\" data-id=\"d3e6748\" data-element_type=\"widget\" data-e-type=\"widget\" data-widget_type=\"text-editor.default\">\n\t\t\t\t<div class=\"elementor-widget-container\">\n\t\t\t\t\t\t\t\t\t<p>La rue Sheinkin est l&rsquo;une des rues les plus c\u00e9l\u00e8bres de Tel Aviv, en Isra\u00ebl. Elle a une histoire fascinante qui remonte \u00e0 plus de 100 ans.<br \/>Au d\u00e9but du XXe si\u00e8cle, Tel Aviv \u00e9tait une ville en pleine croissance. De nombreux immigrants juifs immigrer et cherchaient \u00e0 construire une nouvelle vie dans cette r\u00e9gion. La rue Sheinkin a \u00e9t\u00e9 cr\u00e9\u00e9e en 1910, nomm\u00e9e en l&rsquo;honneur de Menachem Mendel Sheinkin, un philanthrope juif russe qui a soutenu la communaut\u00e9 juive dans ce qui deviendra Isra\u00ebl.<br \/>Au d\u00e9part, la rue \u00e9tait principalement habit\u00e9e par des familles juives ashk\u00e9nazes. Mais au fil des ans, elle est devenue un lieu de rencontre pour des groupes de jeunes, des artistes et des intellectuels. Dans les ann\u00e9es 1960 et 1970, la rue Sheinkin est devenue un centre de contre-culture, de mode et de musique. Les magasins de disques, les caf\u00e9s et les boutiques de mode ont commenc\u00e9 \u00e0 appara\u00eetre sur la rue.<br \/>Dans les ann\u00e9es 1980 et 1990, la rue Sheinkin a connu une p\u00e9riode de transition, avec l&rsquo;arriv\u00e9e de boutiques de designers et de marques internationales. Cependant, malgr\u00e9 ces changements, la rue Sheinkin a conserv\u00e9 son caract\u00e8re unique. Elle est devenue un lieu de rencontre pour les jeunes et les cr\u00e9atifs, ainsi qu&rsquo;un lieu de shopping pour les touristes.<br \/>Aujourd&rsquo;hui, la rue Sheinkin est un lieu incontournable de Tel Aviv. Elle est c\u00e9l\u00e8bre pour ses boutiques de mode, ses caf\u00e9s branch\u00e9s et ses restaurants. Elle est \u00e9galement connue pour son march\u00e9 artisanal, qui a lieux tous les vendredis et qui attire des artisans locaux et des artistes.<br \/>En somme, la rue Sheinkin est une partie importante de l&rsquo;histoire et de la culture de Tel Aviv. Elle repr\u00e9sente la diversit\u00e9 de cette ville dynamique et cosmopolite, ainsi que l&rsquo;histoire de ses habitants et de leur \u00e9volution au fil des ans<\/p>\t\t\t\t\t\t\t\t<\/div>\n\t\t\t\t<\/div>\n\t\t\t\t\t<\/div>\n\t\t<\/div>\n\t\t\t\t\t<\/div>\n\t\t<\/section>\n\t\t\t\t<section class=\"elementor-section elementor-top-section elementor-element elementor-element-a63a2a0 elementor-section-boxed elementor-section-height-default elementor-section-height-default\" data-id=\"a63a2a0\" data-element_type=\"section\" data-e-type=\"section\">\n\t\t\t\t\t\t<div class=\"elementor-container elementor-column-gap-default\">\n\t\t\t\t\t<div class=\"elementor-column elementor-col-100 elementor-top-column elementor-element elementor-element-985c192\" data-id=\"985c192\" data-element_type=\"column\" data-e-type=\"column\">\n\t\t\t<div class=\"elementor-widget-wrap elementor-element-populated\">\n\t\t\t\t\t\t<div class=\"elementor-element elementor-element-dc1eaa6 elementor-widget elementor-widget-heading\" data-id=\"dc1eaa6\" data-element_type=\"widget\" data-e-type=\"widget\" data-widget_type=\"heading.default\">\n\t\t\t\t<div class=\"elementor-widget-container\">\n\t\t\t\t\t<h2 class=\"elementor-heading-title elementor-size-default\">Je cherche un appartement \u00e0 vendre ou \u00e0 louer<\/h2>\t\t\t\t<\/div>\n\t\t\t\t<\/div>\n\t\t\t\t<div class=\"elementor-element elementor-element-0f83d42 elementor-button-align-stretch elementor-widget elementor-widget-form\" data-id=\"0f83d42\" data-element_type=\"widget\" data-e-type=\"widget\" data-settings=\"{&quot;step_next_label&quot;:&quot;Next&quot;,&quot;step_previous_label&quot;:&quot;Previous&quot;,&quot;button_width&quot;:&quot;100&quot;,&quot;step_type&quot;:&quot;number_text&quot;,&quot;step_icon_shape&quot;:&quot;circle&quot;}\" data-widget_type=\"form.default\">\n\t\t\t\t<div class=\"elementor-widget-container\">\n\t\t\t\t\t\t\t<form class=\"elementor-form\" method=\"post\" name=\"New Form\" aria-label=\"New Form\" action=\"\">\n\t\t\t<input type=\"hidden\" name=\"post_id\" value=\"48443\"\/>\n\t\t\t<input type=\"hidden\" name=\"form_id\" value=\"0f83d42\"\/>\n\t\t\t<input type=\"hidden\" name=\"referer_title\" value=\"Rue Shenkin - EvenisGroup | Evenis Group Agence Immobili\u00e8re en Isra\u00ebl\" \/>\n\n\t\t\t\t\t\t\t<input type=\"hidden\" name=\"queried_id\" value=\"48443\"\/>\n\t\t\t\n\t\t\t<div class=\"elementor-form-fields-wrapper elementor-labels-above\">\n\t\t\t\t\t\t\t\t<div class=\"elementor-field-type-text elementor-field-group elementor-column elementor-field-group-name elementor-col-100\">\n\t\t\t\t\t\t\t\t\t\t\t\t<label for=\"form-field-name\" class=\"elementor-field-label\">\n\t\t\t\t\t\t\t\tName\t\t\t\t\t\t\t<\/label>\n\t\t\t\t\t\t\t\t\t\t\t\t\t\t<input size=\"1\" type=\"text\" name=\"form_fields[name]\" id=\"form-field-name\" class=\"elementor-field elementor-size-sm  elementor-field-textual\" placeholder=\"Name\">\n\t\t\t\t\t\t\t\t\t\t\t<\/div>\n\t\t\t\t\t\t\t\t<div class=\"elementor-field-type-email elementor-field-group elementor-column elementor-field-group-email elementor-col-100 elementor-field-required\">\n\t\t\t\t\t\t\t\t\t\t\t\t<label for=\"form-field-email\" class=\"elementor-field-label\">\n\t\t\t\t\t\t\t\tE-mail\t\t\t\t\t\t\t<\/label>\n\t\t\t\t\t\t\t\t\t\t\t\t\t\t<input size=\"1\" type=\"email\" name=\"form_fields[email]\" id=\"form-field-email\" class=\"elementor-field elementor-size-sm  elementor-field-textual\" placeholder=\"E-mail\" required=\"required\">\n\t\t\t\t\t\t\t\t\t\t\t<\/div>\n\t\t\t\t\t\t\t\t<div class=\"elementor-field-type-tel elementor-field-group elementor-column elementor-field-group-field_96841ff elementor-col-100 elementor-field-required\">\n\t\t\t\t\t\t\t\t\t\t\t\t<label for=\"form-field-field_96841ff\" class=\"elementor-field-label\">\n\t\t\t\t\t\t\t\tTel\t\t\t\t\t\t\t<\/label>\n\t\t\t\t\t\t\t\t<input size=\"1\" type=\"tel\" name=\"form_fields[field_96841ff]\" id=\"form-field-field_96841ff\" class=\"elementor-field elementor-size-sm  elementor-field-textual\" placeholder=\"Tel\" required=\"required\" pattern=\"[0-9()#&amp;+*-=.]+\" title=\"Only numbers and phone characters (#, -, *, etc) are accepted.\" data-no-translation-title=\"\">\n\n\t\t\t\t\t\t<\/div>\n\t\t\t\t\t\t\t\t<div class=\"elementor-field-type-textarea elementor-field-group elementor-column elementor-field-group-message elementor-col-100\">\n\t\t\t\t\t\t\t\t\t\t\t\t<label for=\"form-field-message\" class=\"elementor-field-label\">\n\t\t\t\t\t\t\t\tMessage\t\t\t\t\t\t\t<\/label>\n\t\t\t\t\t\t<textarea class=\"elementor-field-textual elementor-field  elementor-size-sm\" name=\"form_fields[message]\" id=\"form-field-message\" rows=\"4\" placeholder=\"Message\"><\/textarea>\t\t\t\t<\/div>\n\t\t\t\t\t\t\t\t<div class=\"elementor-field-group elementor-column elementor-field-type-submit elementor-col-100 e-form__buttons\">\n\t\t\t\t\t<button class=\"elementor-button elementor-size-sm\" type=\"submit\">\n\t\t\t\t\t\t<span class=\"elementor-button-content-wrapper\">\n\t\t\t\t\t\t\t\t\t\t\t\t\t\t\t\t\t\t\t\t\t\t<span class=\"elementor-button-text\">Send<\/span>\n\t\t\t\t\t\t\t\t\t\t\t\t\t<\/span>\n\t\t\t\t\t<\/button>\n\t\t\t\t<\/div>\n\t\t\t<\/div>\n\t\t<input type=\"hidden\" name=\"trp-form-language\" value=\"en\"\/><\/form>\n\t\t\t\t\t\t<\/div>\n\t\t\t\t<\/div>\n\t\t\t\t\t<\/div>\n\t\t<\/div>\n\t\t\t\t\t<\/div>\n\t\t<\/section>\n\t\t\t\t<\/div>","protected":false},"excerpt":{"rendered":"<p>Rue Shenkin \u00e0 Tel Aviv La rue Sheinkin est l&rsquo;une des rues les plus c\u00e9l\u00e8bres de Tel Aviv, en Isra\u00ebl. Elle a une histoire fascinante qui remonte \u00e0 plus de 100 ans.Au d\u00e9but du XXe si\u00e8cle, Tel Aviv \u00e9tait une ville en pleine croissance. De nombreux immigrants juifs immigrer et cherchaient \u00e0 construire une nouvelle [&hellip;]<\/p>","protected":false},"author":6,"featured_media":48638,"parent":643,"menu_order":0,"comment_status":"closed","ping_status":"closed","template":"elementor_header_footer","meta":{"_acf_changed":false,"footnotes":""},"class_list":["post-48443","page","type-page","status-publish","has-post-thumbnail","hentry"],"acf":[],"yoast_head":"<!-- This site is optimized with the Yoast SEO plugin v26.8 - https:\/\/yoast.com\/product\/yoast-seo-wordpress\/ -->\n<title>Rue Shenkin - EvenisGroup | Evenis Group Agence Immobili\u00e8re en Isra\u00ebl<\/title>\n<meta name=\"description\" content=\"Le nom de la rue Shenkin \u00e0 Tel Aviv est une version h\u00e9bra\u00efque de l&#039;anglais &quot;Shanklin&quot;, une ville situ\u00e9e sur l&#039;\u00eele de Wight en Angleterre.\" \/>\n<meta name=\"robots\" content=\"index, follow, max-snippet:-1, max-image-preview:large, max-video-preview:-1\" \/>\n<link rel=\"canonical\" href=\"https:\/\/www.evenisgroup.com\/en\/actualite-immobilier-israel\/rue-shenkin\/\" \/>\n<meta property=\"og:locale\" content=\"en_US\" \/>\n<meta property=\"og:type\" content=\"article\" \/>\n<meta property=\"og:title\" content=\"Rue Shenkin - EvenisGroup | Evenis Group Agence Immobili\u00e8re en Isra\u00ebl\" \/>\n<meta property=\"og:description\" content=\"Le nom de la rue Shenkin \u00e0 Tel Aviv est une version h\u00e9bra\u00efque de l&#039;anglais &quot;Shanklin&quot;, une ville situ\u00e9e sur l&#039;\u00eele de Wight en Angleterre.\" \/>\n<meta property=\"og:url\" content=\"https:\/\/www.evenisgroup.com\/en\/actualite-immobilier-israel\/rue-shenkin\/\" \/>\n<meta property=\"og:site_name\" content=\"EvenisGroup | Evenis Group Agence Immobili\u00e8re en Isra\u00ebl\" \/>\n<meta property=\"article:publisher\" content=\"https:\/\/www.facebook.com\/EvenisGroupOfficial\" \/>\n<meta property=\"article:modified_time\" content=\"2023-03-23T09:50:29+00:00\" \/>\n<meta property=\"og:image\" content=\"https:\/\/www.evenisgroup.com\/wp-content\/uploads\/2023\/03\/rue-israel-.jpg\" \/>\n\t<meta property=\"og:image:width\" content=\"276\" \/>\n\t<meta property=\"og:image:height\" content=\"186\" \/>\n\t<meta property=\"og:image:type\" content=\"image\/jpeg\" \/>\n<meta name=\"twitter:card\" content=\"summary_large_image\" \/>\n<meta name=\"twitter:label1\" content=\"Est. reading time\" \/>\n\t<meta name=\"twitter:data1\" content=\"2 minutes\" \/>\n<script type=\"application\/ld+json\" class=\"yoast-schema-graph\">{\"@context\":\"https:\/\/schema.org\",\"@graph\":[{\"@type\":\"WebPage\",\"@id\":\"https:\/\/www.evenisgroup.com\/actualite-immobilier-israel\/rue-shenkin\/\",\"url\":\"https:\/\/www.evenisgroup.com\/actualite-immobilier-israel\/rue-shenkin\/\",\"name\":\"Rue Shenkin - EvenisGroup | Evenis Group Agence Immobili\u00e8re en Isra\u00ebl\",\"isPartOf\":{\"@id\":\"https:\/\/www.evenisgroup.com\/en\/#website\"},\"primaryImageOfPage\":{\"@id\":\"https:\/\/www.evenisgroup.com\/actualite-immobilier-israel\/rue-shenkin\/#primaryimage\"},\"image\":{\"@id\":\"https:\/\/www.evenisgroup.com\/actualite-immobilier-israel\/rue-shenkin\/#primaryimage\"},\"thumbnailUrl\":\"https:\/\/www.evenisgroup.com\/wp-content\/uploads\/2023\/03\/rue-israel-.jpg\",\"datePublished\":\"2023-03-09T15:28:37+00:00\",\"dateModified\":\"2023-03-23T09:50:29+00:00\",\"description\":\"Le nom de la rue Shenkin \u00e0 Tel Aviv est une version h\u00e9bra\u00efque de l'anglais \\\"Shanklin\\\", une ville situ\u00e9e sur l'\u00eele de Wight en Angleterre.\",\"breadcrumb\":{\"@id\":\"https:\/\/www.evenisgroup.com\/actualite-immobilier-israel\/rue-shenkin\/#breadcrumb\"},\"inLanguage\":\"en-US\",\"potentialAction\":[{\"@type\":\"ReadAction\",\"target\":[\"https:\/\/www.evenisgroup.com\/actualite-immobilier-israel\/rue-shenkin\/\"]}]},{\"@type\":\"ImageObject\",\"inLanguage\":\"en-US\",\"@id\":\"https:\/\/www.evenisgroup.com\/actualite-immobilier-israel\/rue-shenkin\/#primaryimage\",\"url\":\"https:\/\/www.evenisgroup.com\/wp-content\/uploads\/2023\/03\/rue-israel-.jpg\",\"contentUrl\":\"https:\/\/www.evenisgroup.com\/wp-content\/uploads\/2023\/03\/rue-israel-.jpg\",\"width\":276,\"height\":186},{\"@type\":\"BreadcrumbList\",\"@id\":\"https:\/\/www.evenisgroup.com\/actualite-immobilier-israel\/rue-shenkin\/#breadcrumb\",\"itemListElement\":[{\"@type\":\"ListItem\",\"position\":1,\"name\":\"Accueil\",\"item\":\"https:\/\/www.evenisgroup.com\/\"},{\"@type\":\"ListItem\",\"position\":2,\"name\":\"Actualit\u00e9 Immobili\u00e8re en Israel\",\"item\":\"https:\/\/www.evenisgroup.com\/actualite-immobilier-israel\/\"},{\"@type\":\"ListItem\",\"position\":3,\"name\":\"rue Shenkin\"}]},{\"@type\":\"WebSite\",\"@id\":\"https:\/\/www.evenisgroup.com\/en\/#website\",\"url\":\"https:\/\/www.evenisgroup.com\/en\/\",\"name\":\"EvenisGroup | Evenis Group Agence Immobili\u00e8re en Isra\u00ebl\",\"description\":\"Agence Immobili\u00e8re en Isra\u00ebl\",\"publisher\":{\"@id\":\"https:\/\/www.evenisgroup.com\/en\/#organization\"},\"potentialAction\":[{\"@type\":\"SearchAction\",\"target\":{\"@type\":\"EntryPoint\",\"urlTemplate\":\"https:\/\/www.evenisgroup.com\/en\/?s={search_term_string}\"},\"query-input\":{\"@type\":\"PropertyValueSpecification\",\"valueRequired\":true,\"valueName\":\"search_term_string\"}}],\"inLanguage\":\"en-US\"},{\"@type\":\"Organization\",\"@id\":\"https:\/\/www.evenisgroup.com\/en\/#organization\",\"name\":\"Evenis Group : Agence Immobili\u00e8re\",\"url\":\"https:\/\/www.evenisgroup.com\/en\/\",\"logo\":{\"@type\":\"ImageObject\",\"inLanguage\":\"en-US\",\"@id\":\"https:\/\/www.evenisgroup.com\/en\/#\/schema\/logo\/image\/\",\"url\":\"https:\/\/www.evenisgroup.com\/wp-content\/uploads\/2018\/08\/EVENIS-logo-3-A-VOTRE-SERVICE-3.png\",\"contentUrl\":\"https:\/\/www.evenisgroup.com\/wp-content\/uploads\/2018\/08\/EVENIS-logo-3-A-VOTRE-SERVICE-3.png\",\"width\":6500,\"height\":2727,\"caption\":\"Evenis Group : Agence Immobili\u00e8re\"},\"image\":{\"@id\":\"https:\/\/www.evenisgroup.com\/en\/#\/schema\/logo\/image\/\"},\"sameAs\":[\"https:\/\/www.facebook.com\/EvenisGroupOfficial\",\"https:\/\/www.instagram.com\/evenisgroupofficial\"]}]}<\/script>\n<!-- \/ Yoast SEO plugin. -->","yoast_head_json":{"title":"Rue Shenkin - EvenisGroup | Evenis Group Agence Immobili\u00e8re en Isra\u00ebl","description":"Le nom de la rue Shenkin \u00e0 Tel Aviv est une version h\u00e9bra\u00efque de l'anglais \"Shanklin\", une ville situ\u00e9e sur l'\u00eele de Wight en Angleterre.","robots":{"index":"index","follow":"follow","max-snippet":"max-snippet:-1","max-image-preview":"max-image-preview:large","max-video-preview":"max-video-preview:-1"},"canonical":"https:\/\/www.evenisgroup.com\/en\/actualite-immobilier-israel\/rue-shenkin\/","og_locale":"en_US","og_type":"article","og_title":"Rue Shenkin - EvenisGroup | Evenis Group Agence Immobili\u00e8re en Isra\u00ebl","og_description":"Le nom de la rue Shenkin \u00e0 Tel Aviv est une version h\u00e9bra\u00efque de l'anglais \"Shanklin\", une ville situ\u00e9e sur l'\u00eele de Wight en Angleterre.","og_url":"https:\/\/www.evenisgroup.com\/en\/actualite-immobilier-israel\/rue-shenkin\/","og_site_name":"EvenisGroup | Evenis Group Agence Immobili\u00e8re en Isra\u00ebl","article_publisher":"https:\/\/www.facebook.com\/EvenisGroupOfficial","article_modified_time":"2023-03-23T09:50:29+00:00","og_image":[{"width":276,"height":186,"url":"https:\/\/www.evenisgroup.com\/wp-content\/uploads\/2023\/03\/rue-israel-.jpg","type":"image\/jpeg"}],"twitter_card":"summary_large_image","twitter_misc":{"Est. reading time":"2 minutes"},"schema":{"@context":"https:\/\/schema.org","@graph":[{"@type":"WebPage","@id":"https:\/\/www.evenisgroup.com\/actualite-immobilier-israel\/rue-shenkin\/","url":"https:\/\/www.evenisgroup.com\/actualite-immobilier-israel\/rue-shenkin\/","name":"Rue Shenkin - EvenisGroup | Evenis Group Agence Immobili\u00e8re en Isra\u00ebl","isPartOf":{"@id":"https:\/\/www.evenisgroup.com\/en\/#website"},"primaryImageOfPage":{"@id":"https:\/\/www.evenisgroup.com\/actualite-immobilier-israel\/rue-shenkin\/#primaryimage"},"image":{"@id":"https:\/\/www.evenisgroup.com\/actualite-immobilier-israel\/rue-shenkin\/#primaryimage"},"thumbnailUrl":"https:\/\/www.evenisgroup.com\/wp-content\/uploads\/2023\/03\/rue-israel-.jpg","datePublished":"2023-03-09T15:28:37+00:00","dateModified":"2023-03-23T09:50:29+00:00","description":"Le nom de la rue Shenkin \u00e0 Tel Aviv est une version h\u00e9bra\u00efque de l'anglais \"Shanklin\", une ville situ\u00e9e sur l'\u00eele de Wight en Angleterre.","breadcrumb":{"@id":"https:\/\/www.evenisgroup.com\/actualite-immobilier-israel\/rue-shenkin\/#breadcrumb"},"inLanguage":"en-US","potentialAction":[{"@type":"ReadAction","target":["https:\/\/www.evenisgroup.com\/actualite-immobilier-israel\/rue-shenkin\/"]}]},{"@type":"ImageObject","inLanguage":"en-US","@id":"https:\/\/www.evenisgroup.com\/actualite-immobilier-israel\/rue-shenkin\/#primaryimage","url":"https:\/\/www.evenisgroup.com\/wp-content\/uploads\/2023\/03\/rue-israel-.jpg","contentUrl":"https:\/\/www.evenisgroup.com\/wp-content\/uploads\/2023\/03\/rue-israel-.jpg","width":276,"height":186},{"@type":"BreadcrumbList","@id":"https:\/\/www.evenisgroup.com\/actualite-immobilier-israel\/rue-shenkin\/#breadcrumb","itemListElement":[{"@type":"ListItem","position":1,"name":"Accueil","item":"https:\/\/www.evenisgroup.com\/"},{"@type":"ListItem","position":2,"name":"Actualit\u00e9 Immobili\u00e8re en Israel","item":"https:\/\/www.evenisgroup.com\/actualite-immobilier-israel\/"},{"@type":"ListItem","position":3,"name":"rue Shenkin"}]},{"@type":"WebSite","@id":"https:\/\/www.evenisgroup.com\/en\/#website","url":"https:\/\/www.evenisgroup.com\/en\/","name":"EvenisGroup | Evenis Group Real Estate Agency in Israel","description":"Real Estate Agency in Israel","publisher":{"@id":"https:\/\/www.evenisgroup.com\/en\/#organization"},"potentialAction":[{"@type":"SearchAction","target":{"@type":"EntryPoint","urlTemplate":"https:\/\/www.evenisgroup.com\/en\/?s={search_term_string}"},"query-input":{"@type":"PropertyValueSpecification","valueRequired":true,"valueName":"search_term_string"}}],"inLanguage":"en-US"},{"@type":"Organization","@id":"https:\/\/www.evenisgroup.com\/en\/#organization","name":"Evenis Group : Agence Immobili\u00e8re","url":"https:\/\/www.evenisgroup.com\/en\/","logo":{"@type":"ImageObject","inLanguage":"en-US","@id":"https:\/\/www.evenisgroup.com\/en\/#\/schema\/logo\/image\/","url":"https:\/\/www.evenisgroup.com\/wp-content\/uploads\/2018\/08\/EVENIS-logo-3-A-VOTRE-SERVICE-3.png","contentUrl":"https:\/\/www.evenisgroup.com\/wp-content\/uploads\/2018\/08\/EVENIS-logo-3-A-VOTRE-SERVICE-3.png","width":6500,"height":2727,"caption":"Evenis Group : Agence Immobili\u00e8re"},"image":{"@id":"https:\/\/www.evenisgroup.com\/en\/#\/schema\/logo\/image\/"},"sameAs":["https:\/\/www.facebook.com\/EvenisGroupOfficial","https:\/\/www.instagram.com\/evenisgroupofficial"]}]}},"_links":{"self":[{"href":"https:\/\/www.evenisgroup.com\/en\/wp-json\/wp\/v2\/pages\/48443","targetHints":{"allow":["GET"]}}],"collection":[{"href":"https:\/\/www.evenisgroup.com\/en\/wp-json\/wp\/v2\/pages"}],"about":[{"href":"https:\/\/www.evenisgroup.com\/en\/wp-json\/wp\/v2\/types\/page"}],"author":[{"embeddable":true,"href":"https:\/\/www.evenisgroup.com\/en\/wp-json\/wp\/v2\/users\/6"}],"replies":[{"embeddable":true,"href":"https:\/\/www.evenisgroup.com\/en\/wp-json\/wp\/v2\/comments?post=48443"}],"version-history":[{"count":6,"href":"https:\/\/www.evenisgroup.com\/en\/wp-json\/wp\/v2\/pages\/48443\/revisions"}],"predecessor-version":[{"id":48641,"href":"https:\/\/www.evenisgroup.com\/en\/wp-json\/wp\/v2\/pages\/48443\/revisions\/48641"}],"up":[{"embeddable":true,"href":"https:\/\/www.evenisgroup.com\/en\/wp-json\/wp\/v2\/pages\/643"}],"wp:featuredmedia":[{"embeddable":true,"href":"https:\/\/www.evenisgroup.com\/en\/wp-json\/wp\/v2\/media\/48638"}],"wp:attachment":[{"href":"https:\/\/www.evenisgroup.com\/en\/wp-json\/wp\/v2\/media?parent=48443"}],"curies":[{"name":"wp","href":"https:\/\/api.w.org\/{rel}","templated":true}]}}