{"id":48434,"date":"2023-03-09T15:19:59","date_gmt":"2023-03-09T15:19:59","guid":{"rendered":"https:\/\/www.evenisgroup.com\/?page_id=48434"},"modified":"2023-03-23T09:49:22","modified_gmt":"2023-03-23T09:49:22","slug":"rue-allenby","status":"publish","type":"page","link":"https:\/\/www.evenisgroup.com\/en\/actualite-immobilier-israel\/rue-allenby\/","title":{"rendered":"rue Allenby"},"content":{"rendered":"<div data-elementor-type=\"wp-page\" data-elementor-id=\"48434\" class=\"elementor elementor-48434\" data-elementor-post-type=\"page\">\n\t\t\t\t\t\t<section class=\"elementor-section elementor-top-section elementor-element elementor-element-46e62ae elementor-section-boxed elementor-section-height-default elementor-section-height-default\" data-id=\"46e62ae\" data-element_type=\"section\" data-e-type=\"section\">\n\t\t\t\t\t\t<div class=\"elementor-container elementor-column-gap-default\">\n\t\t\t\t\t<div class=\"elementor-column elementor-col-100 elementor-top-column elementor-element elementor-element-f470ade\" data-id=\"f470ade\" data-element_type=\"column\" data-e-type=\"column\">\n\t\t\t<div class=\"elementor-widget-wrap elementor-element-populated\">\n\t\t\t\t\t\t<div class=\"elementor-element elementor-element-d1a2f4b elementor-widget elementor-widget-heading\" data-id=\"d1a2f4b\" data-element_type=\"widget\" data-e-type=\"widget\" data-widget_type=\"heading.default\">\n\t\t\t\t<div class=\"elementor-widget-container\">\n\t\t\t\t\t<h1 class=\"elementor-heading-title elementor-size-default\">Rue Allenby \u00e0 Tel Aviv<\/h1>\t\t\t\t<\/div>\n\t\t\t\t<\/div>\n\t\t\t\t\t<\/div>\n\t\t<\/div>\n\t\t\t\t\t<\/div>\n\t\t<\/section>\n\t\t\t\t<section class=\"elementor-section elementor-top-section elementor-element elementor-element-0c88ed6 elementor-section-boxed elementor-section-height-default elementor-section-height-default\" data-id=\"0c88ed6\" data-element_type=\"section\" data-e-type=\"section\">\n\t\t\t\t\t\t<div class=\"elementor-container elementor-column-gap-default\">\n\t\t\t\t\t<div class=\"elementor-column elementor-col-100 elementor-top-column elementor-element elementor-element-93e7c2e\" data-id=\"93e7c2e\" data-element_type=\"column\" data-e-type=\"column\">\n\t\t\t<div class=\"elementor-widget-wrap elementor-element-populated\">\n\t\t\t\t\t\t<div class=\"elementor-element elementor-element-900680d elementor-widget elementor-widget-image\" data-id=\"900680d\" data-element_type=\"widget\" data-e-type=\"widget\" data-widget_type=\"image.default\">\n\t\t\t\t<div class=\"elementor-widget-container\">\n\t\t\t\t\t\t\t\t\t\t\t\t\t\t\t<img fetchpriority=\"high\" decoding=\"async\" width=\"768\" height=\"1024\" src=\"https:\/\/www.evenisgroup.com\/wp-content\/uploads\/2023\/03\/WhatsApp-Image-2023-03-06-at-11.21.33-768x1024.jpeg\" class=\"attachment-large size-large wp-image-48437\" alt=\"rue alenby tel aviv\" srcset=\"https:\/\/www.evenisgroup.com\/wp-content\/uploads\/2023\/03\/WhatsApp-Image-2023-03-06-at-11.21.33-768x1024.jpeg 768w, https:\/\/www.evenisgroup.com\/wp-content\/uploads\/2023\/03\/WhatsApp-Image-2023-03-06-at-11.21.33-225x300.jpeg 225w, https:\/\/www.evenisgroup.com\/wp-content\/uploads\/2023\/03\/WhatsApp-Image-2023-03-06-at-11.21.33-1152x1536.jpeg 1152w, https:\/\/www.evenisgroup.com\/wp-content\/uploads\/2023\/03\/WhatsApp-Image-2023-03-06-at-11.21.33-9x12.jpeg 9w, https:\/\/www.evenisgroup.com\/wp-content\/uploads\/2023\/03\/WhatsApp-Image-2023-03-06-at-11.21.33-113x150.jpeg 113w, https:\/\/www.evenisgroup.com\/wp-content\/uploads\/2023\/03\/WhatsApp-Image-2023-03-06-at-11.21.33-350x467.jpeg 350w, https:\/\/www.evenisgroup.com\/wp-content\/uploads\/2023\/03\/WhatsApp-Image-2023-03-06-at-11.21.33-360x480.jpeg 360w, https:\/\/www.evenisgroup.com\/wp-content\/uploads\/2023\/03\/WhatsApp-Image-2023-03-06-at-11.21.33.jpeg 1200w\" sizes=\"(max-width: 768px) 100vw, 768px\" \/>\t\t\t\t\t\t\t\t\t\t\t\t\t\t\t<\/div>\n\t\t\t\t<\/div>\n\t\t\t\t\t<\/div>\n\t\t<\/div>\n\t\t\t\t\t<\/div>\n\t\t<\/section>\n\t\t\t\t<section class=\"elementor-section elementor-top-section elementor-element elementor-element-ff1452e elementor-section-boxed elementor-section-height-default elementor-section-height-default\" data-id=\"ff1452e\" data-element_type=\"section\" data-e-type=\"section\">\n\t\t\t\t\t\t<div class=\"elementor-container elementor-column-gap-default\">\n\t\t\t\t\t<div class=\"elementor-column elementor-col-100 elementor-top-column elementor-element elementor-element-f2a914c\" data-id=\"f2a914c\" data-element_type=\"column\" data-e-type=\"column\">\n\t\t\t<div class=\"elementor-widget-wrap elementor-element-populated\">\n\t\t\t\t\t\t<div class=\"elementor-element elementor-element-d3e6748 elementor-widget elementor-widget-text-editor\" data-id=\"d3e6748\" data-element_type=\"widget\" data-e-type=\"widget\" data-widget_type=\"text-editor.default\">\n\t\t\t\t<div class=\"elementor-widget-container\">\n\t\t\t\t\t\t\t\t\t<p>Vous connaissez s\u00fbrement la Rue Allenby pour le shouk et ses nombreuses animations mais est ce que vous connaissez son histoire ?<\/p><p>La rue Allenby est l&rsquo;une des rues les plus anim\u00e9es de Tel Aviv, en Isra\u00ebl. Son histoire remonte \u00e0 l&rsquo;\u00e9poque du Mandat britannique<\/p><p>La rue Allenby a \u00e9t\u00e9 nomm\u00e9e d&rsquo;apr\u00e8s Edmund Allenby, un g\u00e9n\u00e9ral britannique qui a men\u00e9 les forces alli\u00e9es \u00e0 la victoire contre l&rsquo;Empire ottoman pendant la Premi\u00e8re Guerre mondiale. Apr\u00e8s la guerre, la Grande-Bretagne a re\u00e7u un mandat de la Soci\u00e9t\u00e9 des Nations pour administrer la Palestine, qui \u00e9tait alors sous contr\u00f4le ottoman.<\/p><p>\u00c0 l&rsquo;\u00e9poque, la rue Allenby \u00e9tait situ\u00e9e dans le quartier de Neve Tzedek, qui \u00e9tait l&rsquo;un des premiers quartiers juifs de Tel Aviv. La rue a \u00e9t\u00e9 construite dans les ann\u00e9es 1920 et \u00e9tait consid\u00e9r\u00e9e comme une rue principale pour les commerces et les divertissements. Au fil du temps, la rue est devenue un centre de vie nocturne anim\u00e9, avec des bars, des restaurants et des bo\u00eetes ouverts pour r\u00e9pondre \u00e0 la demande des soldats, ce qui a contribu\u00e9 \u00e0 renforcer la r\u00e9putation de la rue Allenby comme \u00e9tant un lieu de f\u00eate.<br \/>Au fil des ans, la rue Allenby a subi plusieurs transformations, mais elle est toujours rest\u00e9e un lieu de rencontre populaire pour les habitants et les touristes de Tel Aviv. Aujourd&rsquo;hui, la rue Allenby est bord\u00e9e de nombreux magasins, bars, restaurants, h\u00f4tels et auberges de jeunesse.<br \/>En r\u00e9sum\u00e9, la rue Allenby de Tel Aviv doit son nom au g\u00e9n\u00e9ral britannique Edmund Allenby, et a \u00e9t\u00e9 construite dans les ann\u00e9es 1920 dans le quartier de Neve Tzedek. Elle est devenue c\u00e9l\u00e8bre pour sa vie nocturne anim\u00e9e, notamment pendant la Seconde Guerre mondiale, et reste aujourd&rsquo;hui un lieu de rencontre populaire pour les habitants et les touristes de Tel Aviv.<\/p>\t\t\t\t\t\t\t\t<\/div>\n\t\t\t\t<\/div>\n\t\t\t\t\t<\/div>\n\t\t<\/div>\n\t\t\t\t\t<\/div>\n\t\t<\/section>\n\t\t\t\t<section class=\"elementor-section elementor-top-section elementor-element elementor-element-a63a2a0 elementor-section-boxed elementor-section-height-default elementor-section-height-default\" data-id=\"a63a2a0\" data-element_type=\"section\" data-e-type=\"section\">\n\t\t\t\t\t\t<div class=\"elementor-container elementor-column-gap-default\">\n\t\t\t\t\t<div class=\"elementor-column elementor-col-100 elementor-top-column elementor-element elementor-element-985c192\" data-id=\"985c192\" data-element_type=\"column\" data-e-type=\"column\">\n\t\t\t<div class=\"elementor-widget-wrap elementor-element-populated\">\n\t\t\t\t\t\t<div class=\"elementor-element elementor-element-dc1eaa6 elementor-widget elementor-widget-heading\" data-id=\"dc1eaa6\" data-element_type=\"widget\" data-e-type=\"widget\" data-widget_type=\"heading.default\">\n\t\t\t\t<div class=\"elementor-widget-container\">\n\t\t\t\t\t<h2 class=\"elementor-heading-title elementor-size-default\">Je cherche un appartement \u00e0 vendre ou \u00e0 louer<\/h2>\t\t\t\t<\/div>\n\t\t\t\t<\/div>\n\t\t\t\t<div class=\"elementor-element elementor-element-0f83d42 elementor-button-align-stretch elementor-widget elementor-widget-form\" data-id=\"0f83d42\" data-element_type=\"widget\" data-e-type=\"widget\" data-settings=\"{&quot;step_next_label&quot;:&quot;Next&quot;,&quot;step_previous_label&quot;:&quot;Previous&quot;,&quot;button_width&quot;:&quot;100&quot;,&quot;step_type&quot;:&quot;number_text&quot;,&quot;step_icon_shape&quot;:&quot;circle&quot;}\" data-widget_type=\"form.default\">\n\t\t\t\t<div class=\"elementor-widget-container\">\n\t\t\t\t\t\t\t<form class=\"elementor-form\" method=\"post\" name=\"New Form\" aria-label=\"New Form\" action=\"\">\n\t\t\t<input type=\"hidden\" name=\"post_id\" value=\"48434\"\/>\n\t\t\t<input type=\"hidden\" name=\"form_id\" value=\"0f83d42\"\/>\n\t\t\t<input type=\"hidden\" name=\"referer_title\" value=\"Rue Allenby - EvenisGroup | Evenis Group Agence Immobili\u00e8re en Isra\u00ebl\" \/>\n\n\t\t\t\t\t\t\t<input type=\"hidden\" name=\"queried_id\" value=\"48434\"\/>\n\t\t\t\n\t\t\t<div class=\"elementor-form-fields-wrapper elementor-labels-above\">\n\t\t\t\t\t\t\t\t<div class=\"elementor-field-type-text elementor-field-group elementor-column elementor-field-group-name elementor-col-100\">\n\t\t\t\t\t\t\t\t\t\t\t\t<label for=\"form-field-name\" class=\"elementor-field-label\">\n\t\t\t\t\t\t\t\tName\t\t\t\t\t\t\t<\/label>\n\t\t\t\t\t\t\t\t\t\t\t\t\t\t<input size=\"1\" type=\"text\" name=\"form_fields[name]\" id=\"form-field-name\" class=\"elementor-field elementor-size-sm  elementor-field-textual\" placeholder=\"Name\">\n\t\t\t\t\t\t\t\t\t\t\t<\/div>\n\t\t\t\t\t\t\t\t<div class=\"elementor-field-type-email elementor-field-group elementor-column elementor-field-group-email elementor-col-100 elementor-field-required\">\n\t\t\t\t\t\t\t\t\t\t\t\t<label for=\"form-field-email\" class=\"elementor-field-label\">\n\t\t\t\t\t\t\t\tE-mail\t\t\t\t\t\t\t<\/label>\n\t\t\t\t\t\t\t\t\t\t\t\t\t\t<input size=\"1\" type=\"email\" name=\"form_fields[email]\" id=\"form-field-email\" class=\"elementor-field elementor-size-sm  elementor-field-textual\" placeholder=\"E-mail\" required=\"required\">\n\t\t\t\t\t\t\t\t\t\t\t<\/div>\n\t\t\t\t\t\t\t\t<div class=\"elementor-field-type-tel elementor-field-group elementor-column elementor-field-group-field_96841ff elementor-col-100 elementor-field-required\">\n\t\t\t\t\t\t\t\t\t\t\t\t<label for=\"form-field-field_96841ff\" class=\"elementor-field-label\">\n\t\t\t\t\t\t\t\tTel\t\t\t\t\t\t\t<\/label>\n\t\t\t\t\t\t\t\t<input size=\"1\" type=\"tel\" name=\"form_fields[field_96841ff]\" id=\"form-field-field_96841ff\" class=\"elementor-field elementor-size-sm  elementor-field-textual\" placeholder=\"Tel\" required=\"required\" pattern=\"[0-9()#&amp;+*-=.]+\" title=\"Only numbers and telephone characters (#, -, *, etc.) are accepted.\">\n\n\t\t\t\t\t\t<\/div>\n\t\t\t\t\t\t\t\t<div class=\"elementor-field-type-textarea elementor-field-group elementor-column elementor-field-group-message elementor-col-100\">\n\t\t\t\t\t\t\t\t\t\t\t\t<label for=\"form-field-message\" class=\"elementor-field-label\">\n\t\t\t\t\t\t\t\tMessage\t\t\t\t\t\t\t<\/label>\n\t\t\t\t\t\t<textarea class=\"elementor-field-textual elementor-field  elementor-size-sm\" name=\"form_fields[message]\" id=\"form-field-message\" rows=\"4\" placeholder=\"Message\"><\/textarea>\t\t\t\t<\/div>\n\t\t\t\t\t\t\t\t<div class=\"elementor-field-group elementor-column elementor-field-type-submit elementor-col-100 e-form__buttons\">\n\t\t\t\t\t<button class=\"elementor-button elementor-size-sm\" type=\"submit\">\n\t\t\t\t\t\t<span class=\"elementor-button-content-wrapper\">\n\t\t\t\t\t\t\t\t\t\t\t\t\t\t\t\t\t\t\t\t\t\t<span class=\"elementor-button-text\">To send<\/span>\n\t\t\t\t\t\t\t\t\t\t\t\t\t<\/span>\n\t\t\t\t\t<\/button>\n\t\t\t\t<\/div>\n\t\t\t<\/div>\n\t\t<input type=\"hidden\" name=\"trp-form-language\" value=\"en\"\/><\/form>\n\t\t\t\t\t\t<\/div>\n\t\t\t\t<\/div>\n\t\t\t\t\t<\/div>\n\t\t<\/div>\n\t\t\t\t\t<\/div>\n\t\t<\/section>\n\t\t\t\t<\/div>","protected":false},"excerpt":{"rendered":"<p>Rue Allenby \u00e0 Tel Aviv Vous connaissez s\u00fbrement la Rue Allenby pour le shouk et ses nombreuses animations mais est ce que vous connaissez son histoire ? La rue Allenby est l&rsquo;une des rues les plus anim\u00e9es de Tel Aviv, en Isra\u00ebl. Son histoire remonte \u00e0 l&rsquo;\u00e9poque du Mandat britannique La rue Allenby a \u00e9t\u00e9 [&hellip;]<\/p>","protected":false},"author":6,"featured_media":48640,"parent":643,"menu_order":0,"comment_status":"closed","ping_status":"closed","template":"elementor_header_footer","meta":{"_acf_changed":false,"footnotes":""},"class_list":["post-48434","page","type-page","status-publish","has-post-thumbnail","hentry"],"acf":[],"yoast_head":"<!-- This site is optimized with the Yoast SEO plugin v26.8 - https:\/\/yoast.com\/product\/yoast-seo-wordpress\/ -->\n<title>Rue Allenby - EvenisGroup | Evenis Group Agence Immobili\u00e8re en Isra\u00ebl<\/title>\n<meta name=\"robots\" content=\"index, follow, max-snippet:-1, max-image-preview:large, max-video-preview:-1\" \/>\n<link rel=\"canonical\" href=\"https:\/\/www.evenisgroup.com\/en\/actualite-immobilier-israel\/rue-allenby\/\" \/>\n<meta property=\"og:locale\" content=\"en_US\" \/>\n<meta property=\"og:type\" content=\"article\" \/>\n<meta property=\"og:title\" content=\"Rue Allenby - EvenisGroup | Evenis Group Agence Immobili\u00e8re en Isra\u00ebl\" \/>\n<meta property=\"og:description\" content=\"Rue Allenby \u00e0 Tel Aviv Vous connaissez s\u00fbrement la Rue Allenby pour le shouk et ses nombreuses animations mais est ce que vous connaissez son histoire ? La rue Allenby est l&rsquo;une des rues les plus anim\u00e9es de Tel Aviv, en Isra\u00ebl. Son histoire remonte \u00e0 l&rsquo;\u00e9poque du Mandat britannique La rue Allenby a \u00e9t\u00e9 [&hellip;]\" \/>\n<meta property=\"og:url\" content=\"https:\/\/www.evenisgroup.com\/en\/actualite-immobilier-israel\/rue-allenby\/\" \/>\n<meta property=\"og:site_name\" content=\"EvenisGroup | Evenis Group Agence Immobili\u00e8re en Isra\u00ebl\" \/>\n<meta property=\"article:publisher\" content=\"https:\/\/www.facebook.com\/EvenisGroupOfficial\" \/>\n<meta property=\"article:modified_time\" content=\"2023-03-23T09:49:22+00:00\" \/>\n<meta property=\"og:image\" content=\"https:\/\/www.evenisgroup.com\/wp-content\/uploads\/2023\/03\/rue-israel-2-1.jpg\" \/>\n\t<meta property=\"og:image:width\" content=\"288\" \/>\n\t<meta property=\"og:image:height\" content=\"243\" \/>\n\t<meta property=\"og:image:type\" content=\"image\/jpeg\" \/>\n<meta name=\"twitter:card\" content=\"summary_large_image\" \/>\n<meta name=\"twitter:label1\" content=\"Est. reading time\" \/>\n\t<meta name=\"twitter:data1\" content=\"2 minutes\" \/>\n<script type=\"application\/ld+json\" class=\"yoast-schema-graph\">{\"@context\":\"https:\/\/schema.org\",\"@graph\":[{\"@type\":\"WebPage\",\"@id\":\"https:\/\/www.evenisgroup.com\/actualite-immobilier-israel\/rue-allenby\/\",\"url\":\"https:\/\/www.evenisgroup.com\/actualite-immobilier-israel\/rue-allenby\/\",\"name\":\"Rue Allenby - EvenisGroup | Evenis Group Agence Immobili\u00e8re en Isra\u00ebl\",\"isPartOf\":{\"@id\":\"https:\/\/www.evenisgroup.com\/en\/#website\"},\"primaryImageOfPage\":{\"@id\":\"https:\/\/www.evenisgroup.com\/actualite-immobilier-israel\/rue-allenby\/#primaryimage\"},\"image\":{\"@id\":\"https:\/\/www.evenisgroup.com\/actualite-immobilier-israel\/rue-allenby\/#primaryimage\"},\"thumbnailUrl\":\"https:\/\/www.evenisgroup.com\/wp-content\/uploads\/2023\/03\/rue-israel-2-1.jpg\",\"datePublished\":\"2023-03-09T15:19:59+00:00\",\"dateModified\":\"2023-03-23T09:49:22+00:00\",\"breadcrumb\":{\"@id\":\"https:\/\/www.evenisgroup.com\/actualite-immobilier-israel\/rue-allenby\/#breadcrumb\"},\"inLanguage\":\"en-US\",\"potentialAction\":[{\"@type\":\"ReadAction\",\"target\":[\"https:\/\/www.evenisgroup.com\/actualite-immobilier-israel\/rue-allenby\/\"]}]},{\"@type\":\"ImageObject\",\"inLanguage\":\"en-US\",\"@id\":\"https:\/\/www.evenisgroup.com\/actualite-immobilier-israel\/rue-allenby\/#primaryimage\",\"url\":\"https:\/\/www.evenisgroup.com\/wp-content\/uploads\/2023\/03\/rue-israel-2-1.jpg\",\"contentUrl\":\"https:\/\/www.evenisgroup.com\/wp-content\/uploads\/2023\/03\/rue-israel-2-1.jpg\",\"width\":288,\"height\":243},{\"@type\":\"BreadcrumbList\",\"@id\":\"https:\/\/www.evenisgroup.com\/actualite-immobilier-israel\/rue-allenby\/#breadcrumb\",\"itemListElement\":[{\"@type\":\"ListItem\",\"position\":1,\"name\":\"Accueil\",\"item\":\"https:\/\/www.evenisgroup.com\/\"},{\"@type\":\"ListItem\",\"position\":2,\"name\":\"Actualit\u00e9 Immobili\u00e8re en Israel\",\"item\":\"https:\/\/www.evenisgroup.com\/actualite-immobilier-israel\/\"},{\"@type\":\"ListItem\",\"position\":3,\"name\":\"rue Allenby\"}]},{\"@type\":\"WebSite\",\"@id\":\"https:\/\/www.evenisgroup.com\/en\/#website\",\"url\":\"https:\/\/www.evenisgroup.com\/en\/\",\"name\":\"EvenisGroup | Evenis Group Agence Immobili\u00e8re en Isra\u00ebl\",\"description\":\"Agence Immobili\u00e8re en Isra\u00ebl\",\"publisher\":{\"@id\":\"https:\/\/www.evenisgroup.com\/en\/#organization\"},\"potentialAction\":[{\"@type\":\"SearchAction\",\"target\":{\"@type\":\"EntryPoint\",\"urlTemplate\":\"https:\/\/www.evenisgroup.com\/en\/?s={search_term_string}\"},\"query-input\":{\"@type\":\"PropertyValueSpecification\",\"valueRequired\":true,\"valueName\":\"search_term_string\"}}],\"inLanguage\":\"en-US\"},{\"@type\":\"Organization\",\"@id\":\"https:\/\/www.evenisgroup.com\/en\/#organization\",\"name\":\"Evenis Group : Agence Immobili\u00e8re\",\"url\":\"https:\/\/www.evenisgroup.com\/en\/\",\"logo\":{\"@type\":\"ImageObject\",\"inLanguage\":\"en-US\",\"@id\":\"https:\/\/www.evenisgroup.com\/en\/#\/schema\/logo\/image\/\",\"url\":\"https:\/\/www.evenisgroup.com\/wp-content\/uploads\/2018\/08\/EVENIS-logo-3-A-VOTRE-SERVICE-3.png\",\"contentUrl\":\"https:\/\/www.evenisgroup.com\/wp-content\/uploads\/2018\/08\/EVENIS-logo-3-A-VOTRE-SERVICE-3.png\",\"width\":6500,\"height\":2727,\"caption\":\"Evenis Group : Agence Immobili\u00e8re\"},\"image\":{\"@id\":\"https:\/\/www.evenisgroup.com\/en\/#\/schema\/logo\/image\/\"},\"sameAs\":[\"https:\/\/www.facebook.com\/EvenisGroupOfficial\",\"https:\/\/www.instagram.com\/evenisgroupofficial\"]}]}<\/script>\n<!-- \/ Yoast SEO plugin. -->","yoast_head_json":{"title":"Rue Allenby - EvenisGroup | Evenis Group Agence Immobili\u00e8re en Isra\u00ebl","robots":{"index":"index","follow":"follow","max-snippet":"max-snippet:-1","max-image-preview":"max-image-preview:large","max-video-preview":"max-video-preview:-1"},"canonical":"https:\/\/www.evenisgroup.com\/en\/actualite-immobilier-israel\/rue-allenby\/","og_locale":"en_US","og_type":"article","og_title":"Rue Allenby - EvenisGroup | Evenis Group Agence Immobili\u00e8re en Isra\u00ebl","og_description":"Rue Allenby \u00e0 Tel Aviv Vous connaissez s\u00fbrement la Rue Allenby pour le shouk et ses nombreuses animations mais est ce que vous connaissez son histoire ? La rue Allenby est l&rsquo;une des rues les plus anim\u00e9es de Tel Aviv, en Isra\u00ebl. Son histoire remonte \u00e0 l&rsquo;\u00e9poque du Mandat britannique La rue Allenby a \u00e9t\u00e9 [&hellip;]","og_url":"https:\/\/www.evenisgroup.com\/en\/actualite-immobilier-israel\/rue-allenby\/","og_site_name":"EvenisGroup | Evenis Group Agence Immobili\u00e8re en Isra\u00ebl","article_publisher":"https:\/\/www.facebook.com\/EvenisGroupOfficial","article_modified_time":"2023-03-23T09:49:22+00:00","og_image":[{"width":288,"height":243,"url":"https:\/\/www.evenisgroup.com\/wp-content\/uploads\/2023\/03\/rue-israel-2-1.jpg","type":"image\/jpeg"}],"twitter_card":"summary_large_image","twitter_misc":{"Est. reading time":"2 minutes"},"schema":{"@context":"https:\/\/schema.org","@graph":[{"@type":"WebPage","@id":"https:\/\/www.evenisgroup.com\/actualite-immobilier-israel\/rue-allenby\/","url":"https:\/\/www.evenisgroup.com\/actualite-immobilier-israel\/rue-allenby\/","name":"Rue Allenby - EvenisGroup | Evenis Group Agence Immobili\u00e8re en Isra\u00ebl","isPartOf":{"@id":"https:\/\/www.evenisgroup.com\/en\/#website"},"primaryImageOfPage":{"@id":"https:\/\/www.evenisgroup.com\/actualite-immobilier-israel\/rue-allenby\/#primaryimage"},"image":{"@id":"https:\/\/www.evenisgroup.com\/actualite-immobilier-israel\/rue-allenby\/#primaryimage"},"thumbnailUrl":"https:\/\/www.evenisgroup.com\/wp-content\/uploads\/2023\/03\/rue-israel-2-1.jpg","datePublished":"2023-03-09T15:19:59+00:00","dateModified":"2023-03-23T09:49:22+00:00","breadcrumb":{"@id":"https:\/\/www.evenisgroup.com\/actualite-immobilier-israel\/rue-allenby\/#breadcrumb"},"inLanguage":"en-US","potentialAction":[{"@type":"ReadAction","target":["https:\/\/www.evenisgroup.com\/actualite-immobilier-israel\/rue-allenby\/"]}]},{"@type":"ImageObject","inLanguage":"en-US","@id":"https:\/\/www.evenisgroup.com\/actualite-immobilier-israel\/rue-allenby\/#primaryimage","url":"https:\/\/www.evenisgroup.com\/wp-content\/uploads\/2023\/03\/rue-israel-2-1.jpg","contentUrl":"https:\/\/www.evenisgroup.com\/wp-content\/uploads\/2023\/03\/rue-israel-2-1.jpg","width":288,"height":243},{"@type":"BreadcrumbList","@id":"https:\/\/www.evenisgroup.com\/actualite-immobilier-israel\/rue-allenby\/#breadcrumb","itemListElement":[{"@type":"ListItem","position":1,"name":"Accueil","item":"https:\/\/www.evenisgroup.com\/"},{"@type":"ListItem","position":2,"name":"Actualit\u00e9 Immobili\u00e8re en Israel","item":"https:\/\/www.evenisgroup.com\/actualite-immobilier-israel\/"},{"@type":"ListItem","position":3,"name":"rue Allenby"}]},{"@type":"WebSite","@id":"https:\/\/www.evenisgroup.com\/en\/#website","url":"https:\/\/www.evenisgroup.com\/en\/","name":"EvenisGroup | Evenis Group Real Estate Agency in Israel","description":"Real Estate Agency in Israel","publisher":{"@id":"https:\/\/www.evenisgroup.com\/en\/#organization"},"potentialAction":[{"@type":"SearchAction","target":{"@type":"EntryPoint","urlTemplate":"https:\/\/www.evenisgroup.com\/en\/?s={search_term_string}"},"query-input":{"@type":"PropertyValueSpecification","valueRequired":true,"valueName":"search_term_string"}}],"inLanguage":"en-US"},{"@type":"Organization","@id":"https:\/\/www.evenisgroup.com\/en\/#organization","name":"Evenis Group : Agence Immobili\u00e8re","url":"https:\/\/www.evenisgroup.com\/en\/","logo":{"@type":"ImageObject","inLanguage":"en-US","@id":"https:\/\/www.evenisgroup.com\/en\/#\/schema\/logo\/image\/","url":"https:\/\/www.evenisgroup.com\/wp-content\/uploads\/2018\/08\/EVENIS-logo-3-A-VOTRE-SERVICE-3.png","contentUrl":"https:\/\/www.evenisgroup.com\/wp-content\/uploads\/2018\/08\/EVENIS-logo-3-A-VOTRE-SERVICE-3.png","width":6500,"height":2727,"caption":"Evenis Group : Agence Immobili\u00e8re"},"image":{"@id":"https:\/\/www.evenisgroup.com\/en\/#\/schema\/logo\/image\/"},"sameAs":["https:\/\/www.facebook.com\/EvenisGroupOfficial","https:\/\/www.instagram.com\/evenisgroupofficial"]}]}},"_links":{"self":[{"href":"https:\/\/www.evenisgroup.com\/en\/wp-json\/wp\/v2\/pages\/48434","targetHints":{"allow":["GET"]}}],"collection":[{"href":"https:\/\/www.evenisgroup.com\/en\/wp-json\/wp\/v2\/pages"}],"about":[{"href":"https:\/\/www.evenisgroup.com\/en\/wp-json\/wp\/v2\/types\/page"}],"author":[{"embeddable":true,"href":"https:\/\/www.evenisgroup.com\/en\/wp-json\/wp\/v2\/users\/6"}],"replies":[{"embeddable":true,"href":"https:\/\/www.evenisgroup.com\/en\/wp-json\/wp\/v2\/comments?post=48434"}],"version-history":[{"count":8,"href":"https:\/\/www.evenisgroup.com\/en\/wp-json\/wp\/v2\/pages\/48434\/revisions"}],"predecessor-version":[{"id":48630,"href":"https:\/\/www.evenisgroup.com\/en\/wp-json\/wp\/v2\/pages\/48434\/revisions\/48630"}],"up":[{"embeddable":true,"href":"https:\/\/www.evenisgroup.com\/en\/wp-json\/wp\/v2\/pages\/643"}],"wp:featuredmedia":[{"embeddable":true,"href":"https:\/\/www.evenisgroup.com\/en\/wp-json\/wp\/v2\/media\/48640"}],"wp:attachment":[{"href":"https:\/\/www.evenisgroup.com\/en\/wp-json\/wp\/v2\/media?parent=48434"}],"curies":[{"name":"wp","href":"https:\/\/api.w.org\/{rel}","templated":true}]}}