{"id":40957,"date":"2021-12-29T08:43:28","date_gmt":"2021-12-29T08:43:28","guid":{"rendered":"https:\/\/www.evenisgroup.com\/?page_id=40957"},"modified":"2022-01-02T16:10:21","modified_gmt":"2022-01-02T16:10:21","slug":"ashdod","status":"publish","type":"page","link":"https:\/\/www.evenisgroup.com\/en\/louer\/ashdod\/","title":{"rendered":"Ashdod Apartments for Rent"},"content":{"rendered":"<div data-elementor-type=\"wp-page\" data-elementor-id=\"40957\" class=\"elementor elementor-40957\" data-elementor-post-type=\"page\">\n\t\t\t\t\t\t<section class=\"elementor-section elementor-top-section elementor-element elementor-element-1da9f94 elementor-section-boxed elementor-section-height-default elementor-section-height-default\" data-id=\"1da9f94\" data-element_type=\"section\" data-e-type=\"section\">\n\t\t\t\t\t\t<div class=\"elementor-container elementor-column-gap-default\">\n\t\t\t\t\t<div class=\"elementor-column elementor-col-100 elementor-top-column elementor-element elementor-element-7d3ae38\" data-id=\"7d3ae38\" data-element_type=\"column\" data-e-type=\"column\">\n\t\t\t<div class=\"elementor-widget-wrap elementor-element-populated\">\n\t\t\t\t\t\t<div class=\"elementor-element elementor-element-018e490 elementor-widget elementor-widget-heading\" data-id=\"018e490\" data-element_type=\"widget\" data-e-type=\"widget\" data-widget_type=\"heading.default\">\n\t\t\t\t<div class=\"elementor-widget-container\">\n\t\t\t\t\t<h1 class=\"elementor-heading-title elementor-size-default\">Location d'appartements \u00e0 Ashdod<\/h1>\t\t\t\t<\/div>\n\t\t\t\t<\/div>\n\t\t\t\t<div class=\"elementor-element elementor-element-758a76b elementor-widget elementor-widget-breadcrumbs\" data-id=\"758a76b\" data-element_type=\"widget\" data-e-type=\"widget\" data-widget_type=\"breadcrumbs.default\">\n\t\t\t\t<div class=\"elementor-widget-container\">\n\t\t\t\t\t<p id=\"breadcrumbs\"><span><span><a href=\"https:\/\/www.evenisgroup.com\/en\/\">Home<\/a><\/span><\/span><\/p>\t\t\t\t<\/div>\n\t\t\t\t<\/div>\n\t\t\t\t\t<\/div>\n\t\t<\/div>\n\t\t\t\t\t<\/div>\n\t\t<\/section>\n\t\t\t\t<section class=\"elementor-section elementor-top-section elementor-element elementor-element-c9357fc elementor-section-boxed elementor-section-height-default elementor-section-height-default\" data-id=\"c9357fc\" data-element_type=\"section\" data-e-type=\"section\">\n\t\t\t\t\t\t<div class=\"elementor-container elementor-column-gap-default\">\n\t\t\t\t\t<div class=\"elementor-column elementor-col-100 elementor-top-column elementor-element elementor-element-b9f8bb7\" data-id=\"b9f8bb7\" data-element_type=\"column\" data-e-type=\"column\">\n\t\t\t<div class=\"elementor-widget-wrap elementor-element-populated\">\n\t\t\t\t\t\t<div class=\"elementor-element elementor-element-7dbe1dd elementor-widget elementor-widget-text-editor\" data-id=\"7dbe1dd\" data-element_type=\"widget\" data-e-type=\"widget\" data-widget_type=\"text-editor.default\">\n\t\t\t\t<div class=\"elementor-widget-container\">\n\t\t\t\t\t\t\t\t\t<p><span style=\"text-decoration: underline;\"><strong>Voici les annonces de location d&rsquo;appartements \u00e0 Ashdod.\u00a0<\/strong><\/span><br \/>Toutes nos annonces immobili\u00e8res sont traduites en Fran\u00e7ais et en Anglais et nous proposons un service d&rsquo;assistance premium pour vous accompagner dans votre recherche immobili\u00e8re locative d&rsquo;appartement dans la ville de Ashdod.<br \/>Evenis Group de par sa notori\u00e9t\u00e9 aupr\u00e8s de la communaut\u00e9 \u00e9trang\u00e8re et particuli\u00e8rement francophone vous propose un catalogue complet et exclusif d&rsquo;appartements \u00e0 louer dans tous les quartiers de la ville de Ashdod pour tous les budgets.\u00a0<\/p>\t\t\t\t\t\t\t\t<\/div>\n\t\t\t\t<\/div>\n\t\t\t\t\t<\/div>\n\t\t<\/div>\n\t\t\t\t\t<\/div>\n\t\t<\/section>\n\t\t\t\t<section class=\"elementor-section elementor-top-section elementor-element elementor-element-94be2fc elementor-section-boxed elementor-section-height-default elementor-section-height-default\" data-id=\"94be2fc\" data-element_type=\"section\" data-e-type=\"section\">\n\t\t\t\t\t\t<div class=\"elementor-container elementor-column-gap-default\">\n\t\t\t\t\t<div class=\"elementor-column elementor-col-100 elementor-top-column elementor-element elementor-element-f917f2e\" data-id=\"f917f2e\" data-element_type=\"column\" data-e-type=\"column\">\n\t\t\t<div class=\"elementor-widget-wrap elementor-element-populated\">\n\t\t\t\t\t\t<div class=\"elementor-element elementor-element-01770f2 elementor-grid-3 elementor-grid-tablet-2 elementor-grid-mobile-1 elementor-posts--thumbnail-top elementor-posts--show-avatar elementor-card-shadow-yes elementor-posts__hover-gradient elementor-widget elementor-widget-posts\" data-id=\"01770f2\" data-element_type=\"widget\" data-e-type=\"widget\" data-settings=\"{&quot;pagination_type&quot;:&quot;numbers_and_prev_next&quot;,&quot;cards_columns&quot;:&quot;3&quot;,&quot;cards_columns_tablet&quot;:&quot;2&quot;,&quot;cards_columns_mobile&quot;:&quot;1&quot;,&quot;cards_row_gap&quot;:{&quot;unit&quot;:&quot;px&quot;,&quot;size&quot;:35,&quot;sizes&quot;:[]},&quot;cards_row_gap_tablet&quot;:{&quot;unit&quot;:&quot;px&quot;,&quot;size&quot;:&quot;&quot;,&quot;sizes&quot;:[]},&quot;cards_row_gap_mobile&quot;:{&quot;unit&quot;:&quot;px&quot;,&quot;size&quot;:&quot;&quot;,&quot;sizes&quot;:[]}}\" data-widget_type=\"posts.cards\">\n\t\t\t\t<div class=\"elementor-widget-container\">\n\t\t\t\t\t\t\t<div class=\"elementor-posts-container elementor-posts elementor-posts--skin-cards elementor-grid\" role=\"list\">\n\t\t\t\t<article class=\"elementor-post elementor-grid-item post-25721 property type-property status-publish has-post-thumbnail hentry property_type-appartement property_feature-ascenseur property_feature-meuble property_feature-parking property_feature-terrasse property_feature-vue-mer property_status-a-louer property_city-ashdod property_state-ashdod property_label-archives-immobilier-israel\" role=\"listitem\">\n\t\t\t<div class=\"elementor-post__card\">\n\t\t\t\t<a class=\"elementor-post__thumbnail__link\" href=\"https:\/\/www.evenisgroup.com\/en\/property\/ref-mr-2082-a-louer-4-pieces-marina-ashdod\/\" tabindex=\"-1\" ><div class=\"elementor-post__thumbnail\"><img fetchpriority=\"high\" decoding=\"async\" width=\"300\" height=\"169\" src=\"https:\/\/www.evenisgroup.com\/wp-content\/uploads\/2024\/03\/6c770783-db99-4bbe-9967-d30781f32e32-300x169.jpg\" class=\"attachment-medium size-medium wp-image-61681\" alt=\"evenisgroup\" srcset=\"https:\/\/www.evenisgroup.com\/wp-content\/uploads\/2024\/03\/6c770783-db99-4bbe-9967-d30781f32e32-300x169.jpg 300w, https:\/\/www.evenisgroup.com\/wp-content\/uploads\/2024\/03\/6c770783-db99-4bbe-9967-d30781f32e32-1024x576.jpg 1024w, https:\/\/www.evenisgroup.com\/wp-content\/uploads\/2024\/03\/6c770783-db99-4bbe-9967-d30781f32e32-768x432.jpg 768w, https:\/\/www.evenisgroup.com\/wp-content\/uploads\/2024\/03\/6c770783-db99-4bbe-9967-d30781f32e32-1536x864.jpg 1536w, https:\/\/www.evenisgroup.com\/wp-content\/uploads\/2024\/03\/6c770783-db99-4bbe-9967-d30781f32e32-18x10.jpg 18w, https:\/\/www.evenisgroup.com\/wp-content\/uploads\/2024\/03\/6c770783-db99-4bbe-9967-d30781f32e32-150x84.jpg 150w, https:\/\/www.evenisgroup.com\/wp-content\/uploads\/2024\/03\/6c770783-db99-4bbe-9967-d30781f32e32-350x197.jpg 350w, https:\/\/www.evenisgroup.com\/wp-content\/uploads\/2024\/03\/6c770783-db99-4bbe-9967-d30781f32e32-853x480.jpg 853w, https:\/\/www.evenisgroup.com\/wp-content\/uploads\/2024\/03\/6c770783-db99-4bbe-9967-d30781f32e32.jpg 1600w\" sizes=\"(max-width: 300px) 100vw, 300px\" \/><\/div><\/a>\n\t\t\t\t<div class=\"elementor-post__avatar\">\n\t\t\t<img alt='Evenis Group' src='https:\/\/www.evenisgroup.com\/wp-content\/uploads\/2018\/02\/logoBig-150x150.jpg' srcset='https:\/\/www.evenisgroup.com\/wp-content\/uploads\/2018\/02\/logoBig-350x350.jpg 2x' class='avatar avatar-128 photo' height='128' width='128' \/>\t\t<\/div>\n\t\t\t\t<div class=\"elementor-post__text\">\n\t\t\t\t<div class=\"elementor-post__title\">\n\t\t\t<a href=\"https:\/\/www.evenisgroup.com\/en\/property\/ref-mr-2082-a-louer-4-pieces-marina-ashdod\/\" >\n\t\t\t\t#REF MR 2082 ** FOR RENT 4 ROOMS MARINA ASHDOD ***\t\t\t<\/a>\n\t\t<\/div>\n\t\t\t\t<div class=\"elementor-post__excerpt\">\n\t\t\t<p>** A LOUER 4 PI\u00c8CES MARINA ASHDOD *** \u2705\u00a0A louer 4 pi\u00e8ces dans le quartier Marina a Ashdod \u2705\u00a0Grand 4 pi\u00e8ces (5 pi\u00e8ces a l&rsquo;origine) de 135 m2 \u2705\u00a026 m2<\/p>\n\t\t<\/div>\n\t\t\n\t\t<a class=\"elementor-post__read-more\" href=\"https:\/\/www.evenisgroup.com\/en\/property\/ref-mr-2082-a-louer-4-pieces-marina-ashdod\/\" aria-label=\"Read more about #REF MR 2082 ** A LOUER 4 PI\u00c8CES MARINA ASHDOD ***\" tabindex=\"-1\" >\n\t\t\tVoir cet appartement \u00e0 Louer\t\t<\/a>\n\n\t\t\t\t<\/div>\n\t\t\t\t<div class=\"elementor-post__meta-data\">\n\t\t\t\t\t<span class=\"elementor-post-date\">\n\t\t\tJune 15, 2020\t\t<\/span>\n\t\t\t\t<\/div>\n\t\t\t\t\t<\/div>\n\t\t<\/article>\n\t\t\t\t<\/div>\n\t\t\n\t\t\t\t\t\t<\/div>\n\t\t\t\t<\/div>\n\t\t\t\t\t<\/div>\n\t\t<\/div>\n\t\t\t\t\t<\/div>\n\t\t<\/section>\n\t\t\t\t<section class=\"elementor-section elementor-top-section elementor-element elementor-element-5e0de5c elementor-section-boxed elementor-section-height-default elementor-section-height-default\" data-id=\"5e0de5c\" data-element_type=\"section\" data-e-type=\"section\">\n\t\t\t\t\t\t<div class=\"elementor-container elementor-column-gap-default\">\n\t\t\t\t\t<div class=\"elementor-column elementor-col-100 elementor-top-column elementor-element elementor-element-870a1a3\" data-id=\"870a1a3\" data-element_type=\"column\" data-e-type=\"column\">\n\t\t\t<div class=\"elementor-widget-wrap elementor-element-populated\">\n\t\t\t\t\t\t<div class=\"elementor-element elementor-element-3750c22 elementor-widget elementor-widget-heading\" data-id=\"3750c22\" data-element_type=\"widget\" data-e-type=\"widget\" data-widget_type=\"heading.default\">\n\t\t\t\t<div class=\"elementor-widget-container\">\n\t\t\t\t\t<h2 class=\"elementor-heading-title elementor-size-default\">Demander le catalogue complet d'appartements \u00e0 Louer \u00e0 Ashdod<\/h2>\t\t\t\t<\/div>\n\t\t\t\t<\/div>\n\t\t\t\t<div class=\"elementor-element elementor-element-8368895 elementor-widget elementor-widget-text-editor\" data-id=\"8368895\" data-element_type=\"widget\" data-e-type=\"widget\" data-widget_type=\"text-editor.default\">\n\t\t\t\t<div class=\"elementor-widget-container\">\n\t\t\t\t\t\t\t\t\t<p>Nous disposons d&rsquo;un tr\u00e8s grand catalogue d&rsquo;appartements que nous ne mettons pas sur notre site dans la r\u00e9gion de Ashdod.\u00a0<br \/>Pour acc\u00e9der au catalogue locatif complet veuillez remplir ce formulaire.\u00a0<\/p>\t\t\t\t\t\t\t\t<\/div>\n\t\t\t\t<\/div>\n\t\t\t\t<div class=\"elementor-element elementor-element-6405112 elementor-button-align-stretch elementor-widget elementor-widget-form\" data-id=\"6405112\" data-element_type=\"widget\" data-e-type=\"widget\" data-settings=\"{&quot;step_next_label&quot;:&quot;Next&quot;,&quot;step_previous_label&quot;:&quot;Previous&quot;,&quot;button_width&quot;:&quot;100&quot;,&quot;step_type&quot;:&quot;number_text&quot;,&quot;step_icon_shape&quot;:&quot;circle&quot;}\" data-widget_type=\"form.default\">\n\t\t\t\t<div class=\"elementor-widget-container\">\n\t\t\t\t\t\t\t<form class=\"elementor-form\" method=\"post\" name=\"New Form\" aria-label=\"New Form\" action=\"\">\n\t\t\t<input type=\"hidden\" name=\"post_id\" value=\"40957\"\/>\n\t\t\t<input type=\"hidden\" name=\"form_id\" value=\"6405112\"\/>\n\t\t\t<input type=\"hidden\" name=\"referer_title\" value=\"Location Appartements Ashdod - Annonces Immobili\u00e8res en fran\u00e7ais\" \/>\n\n\t\t\t\t\t\t\t<input type=\"hidden\" name=\"queried_id\" value=\"40957\"\/>\n\t\t\t\n\t\t\t<div class=\"elementor-form-fields-wrapper elementor-labels-above\">\n\t\t\t\t\t\t\t\t<div class=\"elementor-field-type-text elementor-field-group elementor-column elementor-field-group-name elementor-col-100\">\n\t\t\t\t\t\t\t\t\t\t\t\t<label for=\"form-field-name\" class=\"elementor-field-label\">\n\t\t\t\t\t\t\t\tName\t\t\t\t\t\t\t<\/label>\n\t\t\t\t\t\t\t\t\t\t\t\t\t\t<input size=\"1\" type=\"text\" name=\"form_fields[name]\" id=\"form-field-name\" class=\"elementor-field elementor-size-sm  elementor-field-textual\" placeholder=\"Name\">\n\t\t\t\t\t\t\t\t\t\t\t<\/div>\n\t\t\t\t\t\t\t\t<div class=\"elementor-field-type-email elementor-field-group elementor-column elementor-field-group-email elementor-col-100 elementor-field-required\">\n\t\t\t\t\t\t\t\t\t\t\t\t<label for=\"form-field-email\" class=\"elementor-field-label\">\n\t\t\t\t\t\t\t\tE-mail\t\t\t\t\t\t\t<\/label>\n\t\t\t\t\t\t\t\t\t\t\t\t\t\t<input size=\"1\" type=\"email\" name=\"form_fields[email]\" id=\"form-field-email\" class=\"elementor-field elementor-size-sm  elementor-field-textual\" placeholder=\"E-mail\" required=\"required\">\n\t\t\t\t\t\t\t\t\t\t\t<\/div>\n\t\t\t\t\t\t\t\t<div class=\"elementor-field-type-tel elementor-field-group elementor-column elementor-field-group-email elementor-col-100 elementor-field-required\">\n\t\t\t\t\t\t\t\t\t\t\t\t<label for=\"form-field-email\" class=\"elementor-field-label\">\n\t\t\t\t\t\t\t\tPhone \t\t\t\t\t\t\t<\/label>\n\t\t\t\t\t\t\t\t<input size=\"1\" type=\"tel\" name=\"form_fields[email]\" id=\"form-field-email\" class=\"elementor-field elementor-size-sm  elementor-field-textual\" placeholder=\"Phone\" required=\"required\" pattern=\"[0-9()#&amp;+*-=.]+\" title=\"Only numbers and telephone characters (#, -, *, etc.) are accepted.\">\n\n\t\t\t\t\t\t<\/div>\n\t\t\t\t\t\t\t\t<div class=\"elementor-field-type-textarea elementor-field-group elementor-column elementor-field-group-message elementor-col-100\">\n\t\t\t\t\t\t\t\t\t\t\t\t<label for=\"form-field-message\" class=\"elementor-field-label\">\n\t\t\t\t\t\t\t\tMessage\t\t\t\t\t\t\t<\/label>\n\t\t\t\t\t\t<textarea class=\"elementor-field-textual elementor-field  elementor-size-sm\" name=\"form_fields[message]\" id=\"form-field-message\" rows=\"4\" placeholder=\"Message\"><\/textarea>\t\t\t\t<\/div>\n\t\t\t\t\t\t\t\t<div class=\"elementor-field-group elementor-column elementor-field-type-submit elementor-col-100 e-form__buttons\">\n\t\t\t\t\t<button class=\"elementor-button elementor-size-sm\" type=\"submit\">\n\t\t\t\t\t\t<span class=\"elementor-button-content-wrapper\">\n\t\t\t\t\t\t\t\t\t\t\t\t\t\t\t\t\t\t\t\t\t\t<span class=\"elementor-button-text\">Recherche locative \u00e0 ASHDOD<\/span>\n\t\t\t\t\t\t\t\t\t\t\t\t\t<\/span>\n\t\t\t\t\t<\/button>\n\t\t\t\t<\/div>\n\t\t\t<\/div>\n\t\t<input type=\"hidden\" name=\"trp-form-language\" value=\"en\"\/><\/form>\n\t\t\t\t\t\t<\/div>\n\t\t\t\t<\/div>\n\t\t\t\t\t<\/div>\n\t\t<\/div>\n\t\t\t\t\t<\/div>\n\t\t<\/section>\n\t\t\t\t<\/div>","protected":false},"excerpt":{"rendered":"<p>Location d&rsquo;appartements \u00e0 Ashdod Voici les annonces de location d&rsquo;appartements \u00e0 Ashdod.\u00a0Toutes nos annonces immobili\u00e8res sont traduites en Fran\u00e7ais et en Anglais et nous proposons un service d&rsquo;assistance premium pour vous accompagner dans votre recherche immobili\u00e8re locative d&rsquo;appartement dans la ville de Ashdod.Evenis Group de par sa notori\u00e9t\u00e9 aupr\u00e8s de la communaut\u00e9 \u00e9trang\u00e8re et particuli\u00e8rement [&hellip;]<\/p>","protected":false},"author":6,"featured_media":0,"parent":3089,"menu_order":0,"comment_status":"closed","ping_status":"closed","template":"elementor_header_footer","meta":{"_acf_changed":false,"footnotes":""},"class_list":["post-40957","page","type-page","status-publish","hentry"],"acf":[],"yoast_head":"<!-- This site is optimized with the Yoast SEO plugin v26.8 - https:\/\/yoast.com\/product\/yoast-seo-wordpress\/ -->\n<title>Location Appartements Ashdod - Annonces Immobili\u00e8res en fran\u00e7ais<\/title>\n<meta name=\"description\" content=\"Voici les appartements \u00e0 louer dans la ville de Ashdod -&gt; Catalogue annonces Immobili\u00e8res en fran\u00e7ais en exclusivit\u00e9.\" \/>\n<meta name=\"robots\" content=\"index, follow, max-snippet:-1, max-image-preview:large, max-video-preview:-1\" \/>\n<link rel=\"canonical\" href=\"https:\/\/www.evenisgroup.com\/en\/louer\/ashdod\/\" \/>\n<meta property=\"og:locale\" content=\"en_US\" \/>\n<meta property=\"og:type\" content=\"article\" \/>\n<meta property=\"og:title\" content=\"Location Appartements Ashdod - Annonces Immobili\u00e8res en fran\u00e7ais\" \/>\n<meta property=\"og:description\" content=\"Voici les appartements \u00e0 louer dans la ville de Ashdod -&gt; Catalogue annonces Immobili\u00e8res en fran\u00e7ais en exclusivit\u00e9.\" \/>\n<meta property=\"og:url\" content=\"https:\/\/www.evenisgroup.com\/en\/louer\/ashdod\/\" \/>\n<meta property=\"og:site_name\" content=\"EvenisGroup | Evenis Group Agence Immobili\u00e8re en Isra\u00ebl\" \/>\n<meta property=\"article:publisher\" content=\"https:\/\/www.facebook.com\/EvenisGroupOfficial\" \/>\n<meta property=\"article:modified_time\" content=\"2022-01-02T16:10:21+00:00\" \/>\n<meta property=\"og:image\" content=\"https:\/\/www.evenisgroup.com\/wp-content\/uploads\/2018\/08\/EVENIS-logo-3-A-VOTRE-SERVICE-4.png\" \/>\n\t<meta property=\"og:image:width\" content=\"6500\" \/>\n\t<meta property=\"og:image:height\" content=\"2727\" \/>\n\t<meta property=\"og:image:type\" content=\"image\/png\" \/>\n<meta name=\"twitter:card\" content=\"summary_large_image\" \/>\n<meta name=\"twitter:label1\" content=\"Est. reading time\" \/>\n\t<meta name=\"twitter:data1\" content=\"2 minutes\" \/>\n<script type=\"application\/ld+json\" class=\"yoast-schema-graph\">{\"@context\":\"https:\/\/schema.org\",\"@graph\":[{\"@type\":\"WebPage\",\"@id\":\"https:\/\/www.evenisgroup.com\/louer\/ashdod\/\",\"url\":\"https:\/\/www.evenisgroup.com\/louer\/ashdod\/\",\"name\":\"Location Appartements Ashdod - Annonces Immobili\u00e8res en fran\u00e7ais\",\"isPartOf\":{\"@id\":\"https:\/\/www.evenisgroup.com\/en\/#website\"},\"datePublished\":\"2021-12-29T08:43:28+00:00\",\"dateModified\":\"2022-01-02T16:10:21+00:00\",\"description\":\"Voici les appartements \u00e0 louer dans la ville de Ashdod -> Catalogue annonces Immobili\u00e8res en fran\u00e7ais en exclusivit\u00e9.\",\"breadcrumb\":{\"@id\":\"https:\/\/www.evenisgroup.com\/louer\/ashdod\/#breadcrumb\"},\"inLanguage\":\"en-US\",\"potentialAction\":[{\"@type\":\"ReadAction\",\"target\":[\"https:\/\/www.evenisgroup.com\/louer\/ashdod\/\"]}]},{\"@type\":\"BreadcrumbList\",\"@id\":\"https:\/\/www.evenisgroup.com\/louer\/ashdod\/#breadcrumb\",\"itemListElement\":[{\"@type\":\"ListItem\",\"position\":1,\"name\":\"Accueil\",\"item\":\"https:\/\/www.evenisgroup.com\/\"},{\"@type\":\"ListItem\",\"position\":2,\"name\":\"Louer\",\"item\":\"https:\/\/www.evenisgroup.com\/louer\/\"},{\"@type\":\"ListItem\",\"position\":3,\"name\":\"Location Appartements Ashdod\"}]},{\"@type\":\"WebSite\",\"@id\":\"https:\/\/www.evenisgroup.com\/en\/#website\",\"url\":\"https:\/\/www.evenisgroup.com\/en\/\",\"name\":\"EvenisGroup | Evenis Group Agence Immobili\u00e8re en Isra\u00ebl\",\"description\":\"Agence Immobili\u00e8re en Isra\u00ebl\",\"publisher\":{\"@id\":\"https:\/\/www.evenisgroup.com\/en\/#organization\"},\"potentialAction\":[{\"@type\":\"SearchAction\",\"target\":{\"@type\":\"EntryPoint\",\"urlTemplate\":\"https:\/\/www.evenisgroup.com\/en\/?s={search_term_string}\"},\"query-input\":{\"@type\":\"PropertyValueSpecification\",\"valueRequired\":true,\"valueName\":\"search_term_string\"}}],\"inLanguage\":\"en-US\"},{\"@type\":\"Organization\",\"@id\":\"https:\/\/www.evenisgroup.com\/en\/#organization\",\"name\":\"Evenis Group : Agence Immobili\u00e8re\",\"url\":\"https:\/\/www.evenisgroup.com\/en\/\",\"logo\":{\"@type\":\"ImageObject\",\"inLanguage\":\"en-US\",\"@id\":\"https:\/\/www.evenisgroup.com\/en\/#\/schema\/logo\/image\/\",\"url\":\"https:\/\/www.evenisgroup.com\/wp-content\/uploads\/2018\/08\/EVENIS-logo-3-A-VOTRE-SERVICE-3.png\",\"contentUrl\":\"https:\/\/www.evenisgroup.com\/wp-content\/uploads\/2018\/08\/EVENIS-logo-3-A-VOTRE-SERVICE-3.png\",\"width\":6500,\"height\":2727,\"caption\":\"Evenis Group : Agence Immobili\u00e8re\"},\"image\":{\"@id\":\"https:\/\/www.evenisgroup.com\/en\/#\/schema\/logo\/image\/\"},\"sameAs\":[\"https:\/\/www.facebook.com\/EvenisGroupOfficial\",\"https:\/\/www.instagram.com\/evenisgroupofficial\"]}]}<\/script>\n<!-- \/ Yoast SEO plugin. -->","yoast_head_json":{"title":"Location Appartements Ashdod - Annonces Immobili\u00e8res en fran\u00e7ais","description":"Voici les appartements \u00e0 louer dans la ville de Ashdod -> Catalogue annonces Immobili\u00e8res en fran\u00e7ais en exclusivit\u00e9.","robots":{"index":"index","follow":"follow","max-snippet":"max-snippet:-1","max-image-preview":"max-image-preview:large","max-video-preview":"max-video-preview:-1"},"canonical":"https:\/\/www.evenisgroup.com\/en\/louer\/ashdod\/","og_locale":"en_US","og_type":"article","og_title":"Location Appartements Ashdod - Annonces Immobili\u00e8res en fran\u00e7ais","og_description":"Voici les appartements \u00e0 louer dans la ville de Ashdod -> Catalogue annonces Immobili\u00e8res en fran\u00e7ais en exclusivit\u00e9.","og_url":"https:\/\/www.evenisgroup.com\/en\/louer\/ashdod\/","og_site_name":"EvenisGroup | Evenis Group Agence Immobili\u00e8re en Isra\u00ebl","article_publisher":"https:\/\/www.facebook.com\/EvenisGroupOfficial","article_modified_time":"2022-01-02T16:10:21+00:00","og_image":[{"width":6500,"height":2727,"url":"https:\/\/www.evenisgroup.com\/wp-content\/uploads\/2018\/08\/EVENIS-logo-3-A-VOTRE-SERVICE-4.png","type":"image\/png"}],"twitter_card":"summary_large_image","twitter_misc":{"Est. reading time":"2 minutes"},"schema":{"@context":"https:\/\/schema.org","@graph":[{"@type":"WebPage","@id":"https:\/\/www.evenisgroup.com\/louer\/ashdod\/","url":"https:\/\/www.evenisgroup.com\/louer\/ashdod\/","name":"Location Appartements Ashdod - Annonces Immobili\u00e8res en fran\u00e7ais","isPartOf":{"@id":"https:\/\/www.evenisgroup.com\/en\/#website"},"datePublished":"2021-12-29T08:43:28+00:00","dateModified":"2022-01-02T16:10:21+00:00","description":"Voici les appartements \u00e0 louer dans la ville de Ashdod -> Catalogue annonces Immobili\u00e8res en fran\u00e7ais en exclusivit\u00e9.","breadcrumb":{"@id":"https:\/\/www.evenisgroup.com\/louer\/ashdod\/#breadcrumb"},"inLanguage":"en-US","potentialAction":[{"@type":"ReadAction","target":["https:\/\/www.evenisgroup.com\/louer\/ashdod\/"]}]},{"@type":"BreadcrumbList","@id":"https:\/\/www.evenisgroup.com\/louer\/ashdod\/#breadcrumb","itemListElement":[{"@type":"ListItem","position":1,"name":"Accueil","item":"https:\/\/www.evenisgroup.com\/"},{"@type":"ListItem","position":2,"name":"Louer","item":"https:\/\/www.evenisgroup.com\/louer\/"},{"@type":"ListItem","position":3,"name":"Location Appartements Ashdod"}]},{"@type":"WebSite","@id":"https:\/\/www.evenisgroup.com\/en\/#website","url":"https:\/\/www.evenisgroup.com\/en\/","name":"EvenisGroup | Evenis Group Real Estate Agency in Israel","description":"Real Estate Agency in Israel","publisher":{"@id":"https:\/\/www.evenisgroup.com\/en\/#organization"},"potentialAction":[{"@type":"SearchAction","target":{"@type":"EntryPoint","urlTemplate":"https:\/\/www.evenisgroup.com\/en\/?s={search_term_string}"},"query-input":{"@type":"PropertyValueSpecification","valueRequired":true,"valueName":"search_term_string"}}],"inLanguage":"en-US"},{"@type":"Organization","@id":"https:\/\/www.evenisgroup.com\/en\/#organization","name":"Evenis Group : Agence Immobili\u00e8re","url":"https:\/\/www.evenisgroup.com\/en\/","logo":{"@type":"ImageObject","inLanguage":"en-US","@id":"https:\/\/www.evenisgroup.com\/en\/#\/schema\/logo\/image\/","url":"https:\/\/www.evenisgroup.com\/wp-content\/uploads\/2018\/08\/EVENIS-logo-3-A-VOTRE-SERVICE-3.png","contentUrl":"https:\/\/www.evenisgroup.com\/wp-content\/uploads\/2018\/08\/EVENIS-logo-3-A-VOTRE-SERVICE-3.png","width":6500,"height":2727,"caption":"Evenis Group : Agence Immobili\u00e8re"},"image":{"@id":"https:\/\/www.evenisgroup.com\/en\/#\/schema\/logo\/image\/"},"sameAs":["https:\/\/www.facebook.com\/EvenisGroupOfficial","https:\/\/www.instagram.com\/evenisgroupofficial"]}]}},"_links":{"self":[{"href":"https:\/\/www.evenisgroup.com\/en\/wp-json\/wp\/v2\/pages\/40957","targetHints":{"allow":["GET"]}}],"collection":[{"href":"https:\/\/www.evenisgroup.com\/en\/wp-json\/wp\/v2\/pages"}],"about":[{"href":"https:\/\/www.evenisgroup.com\/en\/wp-json\/wp\/v2\/types\/page"}],"author":[{"embeddable":true,"href":"https:\/\/www.evenisgroup.com\/en\/wp-json\/wp\/v2\/users\/6"}],"replies":[{"embeddable":true,"href":"https:\/\/www.evenisgroup.com\/en\/wp-json\/wp\/v2\/comments?post=40957"}],"version-history":[{"count":6,"href":"https:\/\/www.evenisgroup.com\/en\/wp-json\/wp\/v2\/pages\/40957\/revisions"}],"predecessor-version":[{"id":41125,"href":"https:\/\/www.evenisgroup.com\/en\/wp-json\/wp\/v2\/pages\/40957\/revisions\/41125"}],"up":[{"embeddable":true,"href":"https:\/\/www.evenisgroup.com\/en\/wp-json\/wp\/v2\/pages\/3089"}],"wp:attachment":[{"href":"https:\/\/www.evenisgroup.com\/en\/wp-json\/wp\/v2\/media?parent=40957"}],"curies":[{"name":"wp","href":"https:\/\/api.w.org\/{rel}","templated":true}]}}