{"id":17544,"date":"2019-08-18T16:33:53","date_gmt":"2019-08-18T16:33:53","guid":{"rendered":"https:\/\/www.evenisgroup.com\/?page_id=17544"},"modified":"2020-11-29T20:53:43","modified_gmt":"2020-11-29T20:53:43","slug":"tama-38","status":"publish","type":"page","link":"https:\/\/www.evenisgroup.com\/en\/tama-38\/","title":{"rendered":"THE TAMA 38"},"content":{"rendered":"<p>Since 1975 there have been rules in Israel requiring <a href=\"https:\/\/fr.timesofisrael.com\/israel-80-000-immeubles-residentiels-risquent-de-seffondrer-en-cas-de-seisme\/\">the resistance of new buildings<\/a> against earthquakes.<\/p>\n<p><strong>The government has therefore decided to act to reinforce the foundations of the old buildings with a vast renovation project and in reality, real estate development within the very agglomerations: the TAMA38.<\/strong><\/p>\n<p>In Hebrew, &quot;Tama&quot; corresponds to the initials of the terms <em>\u00abTohnit Ham\u00e9taer Haartsit lehizouk Mivnim Kayamim Bifne Reidot Adama<\/em>&quot;, In French:&quot; National plan for the strengthening of existing buildings against earthquakes &quot;.<\/p>\n<p>Indeed, the Tama 38 is the land development plan drawn up by the State of Israel in 2005, by which all buildings dating from before 1980 and meeting certain criteria of fragility are encouraged to undertake serious renovation work. strengthening and consolidation.<\/p>\n<p>This program is therefore designed to prevent the collapse of these buildings in the event of an earthquake in the country.<\/p>\n<h2>Tama 38\/1 and Tama 38\/2 what difference?<\/h2>\n<p>There are two types of programs:<strong> Tama 38\/1<\/strong> and the <strong>Tama 38\/2.<\/strong><\/p>\n<p>The Tama 38\/1 consists in reinforcing the structure, improving the facade, adding a shelter, an elevator, a terrace and more, according to the contractual conditions established between the owners and the promoters and in adequacy with the authorizations delivered by the Town hall .<\/p>\n<p>The second, the Tama 38\/2, corresponds to the demolition of the existing structure and to building a new structure instead: also called the Pinouy Binouy; regulation which consists in razing the building, rehousing the co-owners during the construction site at the promoter&#039;s expense, and returning to them at the end a new, new and larger apartment in the reconstructed building.<\/p>\n<h2>What are the advantages of the Tama 38?<\/h2>\n<p><strong>There are many advantages with the implementation of the Tama38.<\/strong><\/p>\n<p>There is an economic interest because it is undeniable that in this type of transaction, the value of an apartment in a dilapidated building which has become new can take from 15% to 30% on delivery.<\/p>\n<p>According to the contractual conditions, residents gain space and benefits.<\/p>\n<ul>\n<li>For example, they can benefit <strong>a cellar<\/strong>, allowing them to avoid clutter and waste of space in the apartment, thanks to an accessible and efficient storage area.<\/li>\n<li>As well, <strong>green space<\/strong>, a garden and shaded play areas for their well-being and that of the children.<\/li>\n<li>Residents earn <strong>in renovation and improvement of facades<\/strong> of the building, for a clean, invigorated appearance adapted to their environment.<\/li>\n<li>Solutions from <strong>parking<\/strong> are most of the time proposed and adapted to the terrain.<\/li>\n<li>From a <strong>new modern entrance hall<\/strong>, adding practical and welcoming access roads.<\/li>\n<li>From a <strong>boomker<\/strong> : protected living space (watertight room) meeting all the requirements of the standards and those of the civil protection command.<\/li>\n<li>Of a <strong>spacious sunny terrace<\/strong> and functional to increase the surface area of the apartment.<\/li>\n<li>From an increase in <strong>surface of the apartment<\/strong>. A modern elevator and standards.<\/li>\n<li>Finally, residents benefit from a <strong>building consolidation<\/strong> according to the strictest building standards and certifications.<\/li>\n<\/ul>\n<h2>Investing in real estate in Israel<\/h2>\n<p><img fetchpriority=\"high\" decoding=\"async\" class=\"aligncenter wp-image-17550 size-medium\" src=\"https:\/\/www.evenisgroup.com\/wp-content\/uploads\/2019\/08\/LE-TAMA-38-300x239.jpg\" alt=\"Exemples de Tama 38 en Israel\" width=\"300\" height=\"239\" srcset=\"https:\/\/www.evenisgroup.com\/wp-content\/uploads\/2019\/08\/LE-TAMA-38-300x239.jpg 300w, https:\/\/www.evenisgroup.com\/wp-content\/uploads\/2019\/08\/LE-TAMA-38-768x612.jpg 768w, https:\/\/www.evenisgroup.com\/wp-content\/uploads\/2019\/08\/LE-TAMA-38-1024x816.jpg 1024w, https:\/\/www.evenisgroup.com\/wp-content\/uploads\/2019\/08\/LE-TAMA-38-150x120.jpg 150w, https:\/\/www.evenisgroup.com\/wp-content\/uploads\/2019\/08\/LE-TAMA-38-350x279.jpg 350w, https:\/\/www.evenisgroup.com\/wp-content\/uploads\/2019\/08\/LE-TAMA-38-602x480.jpg 602w, https:\/\/www.evenisgroup.com\/wp-content\/uploads\/2019\/08\/LE-TAMA-38.jpg 1048w\" sizes=\"(max-width: 300px) 100vw, 300px\" \/><\/p>\n<p>As you will understand, investing in a Tama 38 is a good deal in view of all the advantages that benefit owners and future buyers.<\/p>","protected":false},"excerpt":{"rendered":"<p>Il existe, depuis 1975, des r\u00e8gles en Isra\u00ebl exigeant la r\u00e9sistance des nouveaux b\u00e2timents contre les tremblements de terre. Le gouvernement a donc d\u00e9cid\u00e9 d&rsquo;agir pour renforcer les fondations des anciens immeubles avec un vaste projet de r\u00e9novation et en r\u00e9alit\u00e9, de d\u00e9veloppement immobilier au sein m\u00eame des agglom\u00e9rations : le TAMA38. En h\u00e9breu, \u00ab\u00a0Tama\u00a0\u00bb [&hellip;]<\/p>","protected":false},"author":6,"featured_media":0,"parent":0,"menu_order":0,"comment_status":"closed","ping_status":"closed","template":"","meta":{"_acf_changed":false,"footnotes":""},"class_list":["post-17544","page","type-page","status-publish","hentry"],"acf":[],"yoast_head":"<!-- This site is optimized with the Yoast SEO plugin v26.8 - https:\/\/yoast.com\/product\/yoast-seo-wordpress\/ -->\n<title>Le TAMA 38 en Israel - Guide complet - Avantages et int\u00e9r\u00eats immobiliers<\/title>\n<meta name=\"description\" content=\"Le TAMA 38 : Il existe, depuis 1975, des r\u00e8gles en Isra\u00ebl exigeant la r\u00e9sistance des nouveaux b\u00e2timents contre les tremblements de terre.\" \/>\n<meta name=\"robots\" content=\"index, follow, max-snippet:-1, max-image-preview:large, max-video-preview:-1\" \/>\n<link rel=\"canonical\" href=\"https:\/\/www.evenisgroup.com\/en\/tama-38\/\" \/>\n<meta property=\"og:locale\" content=\"en_US\" \/>\n<meta property=\"og:type\" content=\"article\" \/>\n<meta property=\"og:title\" content=\"Le TAMA 38 en Israel - Guide complet - Avantages et int\u00e9r\u00eats immobiliers\" \/>\n<meta property=\"og:description\" content=\"Le TAMA 38 : Il existe, depuis 1975, des r\u00e8gles en Isra\u00ebl exigeant la r\u00e9sistance des nouveaux b\u00e2timents contre les tremblements de terre.\" \/>\n<meta property=\"og:url\" content=\"https:\/\/www.evenisgroup.com\/en\/tama-38\/\" \/>\n<meta property=\"og:site_name\" content=\"EvenisGroup | Evenis Group Agence Immobili\u00e8re en Isra\u00ebl\" \/>\n<meta property=\"article:publisher\" content=\"https:\/\/www.facebook.com\/EvenisGroupOfficial\" \/>\n<meta property=\"article:modified_time\" content=\"2020-11-29T20:53:43+00:00\" \/>\n<meta property=\"og:image\" content=\"https:\/\/www.evenisgroup.com\/wp-content\/uploads\/2019\/08\/LE-TAMA-38-300x239.jpg\" \/>\n<meta name=\"twitter:card\" content=\"summary_large_image\" \/>\n<meta name=\"twitter:label1\" content=\"Est. reading time\" \/>\n\t<meta name=\"twitter:data1\" content=\"3 minutes\" \/>\n<script type=\"application\/ld+json\" class=\"yoast-schema-graph\">{\"@context\":\"https:\/\/schema.org\",\"@graph\":[{\"@type\":\"WebPage\",\"@id\":\"https:\/\/www.evenisgroup.com\/tama-38\/\",\"url\":\"https:\/\/www.evenisgroup.com\/tama-38\/\",\"name\":\"Le TAMA 38 en Israel - Guide complet - Avantages et int\u00e9r\u00eats immobiliers\",\"isPartOf\":{\"@id\":\"https:\/\/www.evenisgroup.com\/en\/#website\"},\"primaryImageOfPage\":{\"@id\":\"https:\/\/www.evenisgroup.com\/tama-38\/#primaryimage\"},\"image\":{\"@id\":\"https:\/\/www.evenisgroup.com\/tama-38\/#primaryimage\"},\"thumbnailUrl\":\"https:\/\/www.evenisgroup.com\/wp-content\/uploads\/2019\/08\/LE-TAMA-38-300x239.jpg\",\"datePublished\":\"2019-08-18T16:33:53+00:00\",\"dateModified\":\"2020-11-29T20:53:43+00:00\",\"description\":\"Le TAMA 38 : Il existe, depuis 1975, des r\u00e8gles en Isra\u00ebl exigeant la r\u00e9sistance des nouveaux b\u00e2timents contre les tremblements de terre.\",\"breadcrumb\":{\"@id\":\"https:\/\/www.evenisgroup.com\/tama-38\/#breadcrumb\"},\"inLanguage\":\"en-US\",\"potentialAction\":[{\"@type\":\"ReadAction\",\"target\":[\"https:\/\/www.evenisgroup.com\/tama-38\/\"]}]},{\"@type\":\"ImageObject\",\"inLanguage\":\"en-US\",\"@id\":\"https:\/\/www.evenisgroup.com\/tama-38\/#primaryimage\",\"url\":\"https:\/\/www.evenisgroup.com\/wp-content\/uploads\/2019\/08\/LE-TAMA-38-300x239.jpg\",\"contentUrl\":\"https:\/\/www.evenisgroup.com\/wp-content\/uploads\/2019\/08\/LE-TAMA-38-300x239.jpg\"},{\"@type\":\"BreadcrumbList\",\"@id\":\"https:\/\/www.evenisgroup.com\/tama-38\/#breadcrumb\",\"itemListElement\":[{\"@type\":\"ListItem\",\"position\":1,\"name\":\"Accueil\",\"item\":\"https:\/\/www.evenisgroup.com\/\"},{\"@type\":\"ListItem\",\"position\":2,\"name\":\"LE TAMA 38\"}]},{\"@type\":\"WebSite\",\"@id\":\"https:\/\/www.evenisgroup.com\/en\/#website\",\"url\":\"https:\/\/www.evenisgroup.com\/en\/\",\"name\":\"EvenisGroup | Evenis Group Agence Immobili\u00e8re en Isra\u00ebl\",\"description\":\"Agence Immobili\u00e8re en Isra\u00ebl\",\"publisher\":{\"@id\":\"https:\/\/www.evenisgroup.com\/en\/#organization\"},\"potentialAction\":[{\"@type\":\"SearchAction\",\"target\":{\"@type\":\"EntryPoint\",\"urlTemplate\":\"https:\/\/www.evenisgroup.com\/en\/?s={search_term_string}\"},\"query-input\":{\"@type\":\"PropertyValueSpecification\",\"valueRequired\":true,\"valueName\":\"search_term_string\"}}],\"inLanguage\":\"en-US\"},{\"@type\":\"Organization\",\"@id\":\"https:\/\/www.evenisgroup.com\/en\/#organization\",\"name\":\"Evenis Group : Agence Immobili\u00e8re\",\"url\":\"https:\/\/www.evenisgroup.com\/en\/\",\"logo\":{\"@type\":\"ImageObject\",\"inLanguage\":\"en-US\",\"@id\":\"https:\/\/www.evenisgroup.com\/en\/#\/schema\/logo\/image\/\",\"url\":\"https:\/\/www.evenisgroup.com\/wp-content\/uploads\/2018\/08\/EVENIS-logo-3-A-VOTRE-SERVICE-3.png\",\"contentUrl\":\"https:\/\/www.evenisgroup.com\/wp-content\/uploads\/2018\/08\/EVENIS-logo-3-A-VOTRE-SERVICE-3.png\",\"width\":6500,\"height\":2727,\"caption\":\"Evenis Group : Agence Immobili\u00e8re\"},\"image\":{\"@id\":\"https:\/\/www.evenisgroup.com\/en\/#\/schema\/logo\/image\/\"},\"sameAs\":[\"https:\/\/www.facebook.com\/EvenisGroupOfficial\",\"https:\/\/www.instagram.com\/evenisgroupofficial\"]}]}<\/script>\n<!-- \/ Yoast SEO plugin. -->","yoast_head_json":{"title":"Le TAMA 38 en Israel - Guide complet - Avantages et int\u00e9r\u00eats immobiliers","description":"Le TAMA 38 : Il existe, depuis 1975, des r\u00e8gles en Isra\u00ebl exigeant la r\u00e9sistance des nouveaux b\u00e2timents contre les tremblements de terre.","robots":{"index":"index","follow":"follow","max-snippet":"max-snippet:-1","max-image-preview":"max-image-preview:large","max-video-preview":"max-video-preview:-1"},"canonical":"https:\/\/www.evenisgroup.com\/en\/tama-38\/","og_locale":"en_US","og_type":"article","og_title":"Le TAMA 38 en Israel - Guide complet - Avantages et int\u00e9r\u00eats immobiliers","og_description":"Le TAMA 38 : Il existe, depuis 1975, des r\u00e8gles en Isra\u00ebl exigeant la r\u00e9sistance des nouveaux b\u00e2timents contre les tremblements de terre.","og_url":"https:\/\/www.evenisgroup.com\/en\/tama-38\/","og_site_name":"EvenisGroup | Evenis Group Agence Immobili\u00e8re en Isra\u00ebl","article_publisher":"https:\/\/www.facebook.com\/EvenisGroupOfficial","article_modified_time":"2020-11-29T20:53:43+00:00","og_image":[{"url":"https:\/\/www.evenisgroup.com\/wp-content\/uploads\/2019\/08\/LE-TAMA-38-300x239.jpg","type":"","width":"","height":""}],"twitter_card":"summary_large_image","twitter_misc":{"Est. reading time":"3 minutes"},"schema":{"@context":"https:\/\/schema.org","@graph":[{"@type":"WebPage","@id":"https:\/\/www.evenisgroup.com\/tama-38\/","url":"https:\/\/www.evenisgroup.com\/tama-38\/","name":"Le TAMA 38 en Israel - Guide complet - Avantages et int\u00e9r\u00eats immobiliers","isPartOf":{"@id":"https:\/\/www.evenisgroup.com\/en\/#website"},"primaryImageOfPage":{"@id":"https:\/\/www.evenisgroup.com\/tama-38\/#primaryimage"},"image":{"@id":"https:\/\/www.evenisgroup.com\/tama-38\/#primaryimage"},"thumbnailUrl":"https:\/\/www.evenisgroup.com\/wp-content\/uploads\/2019\/08\/LE-TAMA-38-300x239.jpg","datePublished":"2019-08-18T16:33:53+00:00","dateModified":"2020-11-29T20:53:43+00:00","description":"Le TAMA 38 : Il existe, depuis 1975, des r\u00e8gles en Isra\u00ebl exigeant la r\u00e9sistance des nouveaux b\u00e2timents contre les tremblements de terre.","breadcrumb":{"@id":"https:\/\/www.evenisgroup.com\/tama-38\/#breadcrumb"},"inLanguage":"en-US","potentialAction":[{"@type":"ReadAction","target":["https:\/\/www.evenisgroup.com\/tama-38\/"]}]},{"@type":"ImageObject","inLanguage":"en-US","@id":"https:\/\/www.evenisgroup.com\/tama-38\/#primaryimage","url":"https:\/\/www.evenisgroup.com\/wp-content\/uploads\/2019\/08\/LE-TAMA-38-300x239.jpg","contentUrl":"https:\/\/www.evenisgroup.com\/wp-content\/uploads\/2019\/08\/LE-TAMA-38-300x239.jpg"},{"@type":"BreadcrumbList","@id":"https:\/\/www.evenisgroup.com\/tama-38\/#breadcrumb","itemListElement":[{"@type":"ListItem","position":1,"name":"Accueil","item":"https:\/\/www.evenisgroup.com\/"},{"@type":"ListItem","position":2,"name":"LE TAMA 38"}]},{"@type":"WebSite","@id":"https:\/\/www.evenisgroup.com\/en\/#website","url":"https:\/\/www.evenisgroup.com\/en\/","name":"EvenisGroup | Evenis Group Real Estate Agency in Israel","description":"Real Estate Agency in Israel","publisher":{"@id":"https:\/\/www.evenisgroup.com\/en\/#organization"},"potentialAction":[{"@type":"SearchAction","target":{"@type":"EntryPoint","urlTemplate":"https:\/\/www.evenisgroup.com\/en\/?s={search_term_string}"},"query-input":{"@type":"PropertyValueSpecification","valueRequired":true,"valueName":"search_term_string"}}],"inLanguage":"en-US"},{"@type":"Organization","@id":"https:\/\/www.evenisgroup.com\/en\/#organization","name":"Evenis Group : Agence Immobili\u00e8re","url":"https:\/\/www.evenisgroup.com\/en\/","logo":{"@type":"ImageObject","inLanguage":"en-US","@id":"https:\/\/www.evenisgroup.com\/en\/#\/schema\/logo\/image\/","url":"https:\/\/www.evenisgroup.com\/wp-content\/uploads\/2018\/08\/EVENIS-logo-3-A-VOTRE-SERVICE-3.png","contentUrl":"https:\/\/www.evenisgroup.com\/wp-content\/uploads\/2018\/08\/EVENIS-logo-3-A-VOTRE-SERVICE-3.png","width":6500,"height":2727,"caption":"Evenis Group : Agence Immobili\u00e8re"},"image":{"@id":"https:\/\/www.evenisgroup.com\/en\/#\/schema\/logo\/image\/"},"sameAs":["https:\/\/www.facebook.com\/EvenisGroupOfficial","https:\/\/www.instagram.com\/evenisgroupofficial"]}]}},"_links":{"self":[{"href":"https:\/\/www.evenisgroup.com\/en\/wp-json\/wp\/v2\/pages\/17544","targetHints":{"allow":["GET"]}}],"collection":[{"href":"https:\/\/www.evenisgroup.com\/en\/wp-json\/wp\/v2\/pages"}],"about":[{"href":"https:\/\/www.evenisgroup.com\/en\/wp-json\/wp\/v2\/types\/page"}],"author":[{"embeddable":true,"href":"https:\/\/www.evenisgroup.com\/en\/wp-json\/wp\/v2\/users\/6"}],"replies":[{"embeddable":true,"href":"https:\/\/www.evenisgroup.com\/en\/wp-json\/wp\/v2\/comments?post=17544"}],"version-history":[{"count":9,"href":"https:\/\/www.evenisgroup.com\/en\/wp-json\/wp\/v2\/pages\/17544\/revisions"}],"predecessor-version":[{"id":32223,"href":"https:\/\/www.evenisgroup.com\/en\/wp-json\/wp\/v2\/pages\/17544\/revisions\/32223"}],"wp:attachment":[{"href":"https:\/\/www.evenisgroup.com\/en\/wp-json\/wp\/v2\/media?parent=17544"}],"curies":[{"name":"wp","href":"https:\/\/api.w.org\/{rel}","templated":true}]}}